{"id":470710,"date":"2026-02-27T18:13:28","date_gmt":"2026-02-27T17:13:28","guid":{"rendered":"https:\/\/preview.script.ch\/produkt\/rub-cadeau-irisee-vert-cl-10mm\/"},"modified":"2026-02-27T18:13:58","modified_gmt":"2026-02-27T17:13:58","slug":"rub-cadeau-irisee-vert-cl-10mm","status":"publish","type":"product","link":"https:\/\/preview.script.ch\/fr\/produkt\/rub-cadeau-irisee-vert-cl-10mm\/","title":{"rendered":"Rub.cadeau iris\u00e9e vert cl.10mm"},"content":{"rendered":"<p>Ruban PR\u00c4SENT Brasilien iris\u00e9 en PP et PES, ruban d\u00e9coratif \u00e0 friser, bobine 10 mm x 200 m. vert clair<\/p>\n","protected":false},"excerpt":{"rendered":"<p>Ruban PR\u00c4SENT Brasilien iris\u00e9 en PP et PES, ruban d\u00e9coratif \u00e0 friser, bobine 10 mm x 200 m. vert clair<\/p>\n","protected":false},"featured_media":0,"template":"","meta":{"_acf_changed":false},"product_brand":[],"product_cat":[53375],"product_tag":[],"class_list":{"0":"post-470710","1":"product","2":"type-product","3":"status-publish","5":"product_cat-cartes-de-voeux-papiers-cadeaux-rubans-cadeaux-papier-universel-de-bureau","7":"first","8":"onbackorder","9":"taxable","10":"shipping-taxable","11":"purchasable","12":"product-type-simple","13":"add-to-wishlist-before_image"},"acf":[],"_links":{"self":[{"href":"https:\/\/preview.script.ch\/fr\/wp-json\/wp\/v2\/product\/470710","targetHints":{"allow":["GET"]}}],"collection":[{"href":"https:\/\/preview.script.ch\/fr\/wp-json\/wp\/v2\/product"}],"about":[{"href":"https:\/\/preview.script.ch\/fr\/wp-json\/wp\/v2\/types\/product"}],"wp:attachment":[{"href":"https:\/\/preview.script.ch\/fr\/wp-json\/wp\/v2\/media?parent=470710"}],"wp:term":[{"taxonomy":"product_brand","embeddable":true,"href":"https:\/\/preview.script.ch\/fr\/wp-json\/wp\/v2\/product_brand?post=470710"},{"taxonomy":"product_cat","embeddable":true,"href":"https:\/\/preview.script.ch\/fr\/wp-json\/wp\/v2\/product_cat?post=470710"},{"taxonomy":"product_tag","embeddable":true,"href":"https:\/\/preview.script.ch\/fr\/wp-json\/wp\/v2\/product_tag?post=470710"}],"curies":[{"name":"wp","href":"https:\/\/api.w.org\/{rel}","templated":true}]}}