{"id":469681,"date":"2026-02-01T17:18:29","date_gmt":"2026-02-01T16:18:29","guid":{"rendered":"https:\/\/preview.script.ch\/produkt\/cah-note-lecerisier-7-5x12bleu\/"},"modified":"2026-02-01T17:18:55","modified_gmt":"2026-02-01T16:18:55","slug":"cah-note-lecerisier-7-5x12bleu","status":"publish","type":"product","link":"https:\/\/preview.script.ch\/fr\/produkt\/cah-note-lecerisier-7-5x12bleu\/","title":{"rendered":"Cah.note LeCerisier 7.5x12bleu"},"content":{"rendered":"<p>Cahier CLAIREFONTAINE Le Cerisier Blanc couverture en papier kraft, en collaboration avec l&rsquo;artiste St\u00e9phanie Bidault qui c\u00e9l\u00e8bre la beaut\u00e9 de la nature, coins arrondis, papier ivoire, 90 g\/m2, couture au dos. 75 x 120 mm  neutre  6 motifs assortis  48 pages<\/p>\n","protected":false},"excerpt":{"rendered":"<p>Cahier CLAIREFONTAINE Le Cerisier Blanc couverture en papier kraft, en collaboration avec l&rsquo;artiste St\u00e9phanie Bidault qui c\u00e9l\u00e8bre la beaut\u00e9 de la nature, coins arrondis, papier ivoire, 90 g\/m2, couture au dos. 75 x 120 mm neutre 6 motifs assortis 48 pages<\/p>\n","protected":false},"featured_media":0,"template":"","meta":{"_acf_changed":false},"product_brand":[],"product_cat":[53180],"product_tag":[],"class_list":{"0":"post-469681","1":"product","2":"type-product","3":"status-publish","5":"product_cat-cahiers-de-notes-papier-universel-de-bureau","7":"first","8":"onbackorder","9":"taxable","10":"shipping-taxable","11":"purchasable","12":"product-type-simple","13":"add-to-wishlist-before_image"},"acf":[],"_links":{"self":[{"href":"https:\/\/preview.script.ch\/fr\/wp-json\/wp\/v2\/product\/469681","targetHints":{"allow":["GET"]}}],"collection":[{"href":"https:\/\/preview.script.ch\/fr\/wp-json\/wp\/v2\/product"}],"about":[{"href":"https:\/\/preview.script.ch\/fr\/wp-json\/wp\/v2\/types\/product"}],"wp:attachment":[{"href":"https:\/\/preview.script.ch\/fr\/wp-json\/wp\/v2\/media?parent=469681"}],"wp:term":[{"taxonomy":"product_brand","embeddable":true,"href":"https:\/\/preview.script.ch\/fr\/wp-json\/wp\/v2\/product_brand?post=469681"},{"taxonomy":"product_cat","embeddable":true,"href":"https:\/\/preview.script.ch\/fr\/wp-json\/wp\/v2\/product_cat?post=469681"},{"taxonomy":"product_tag","embeddable":true,"href":"https:\/\/preview.script.ch\/fr\/wp-json\/wp\/v2\/product_tag?post=469681"}],"curies":[{"name":"wp","href":"https:\/\/api.w.org\/{rel}","templated":true}]}}