{"id":468656,"date":"2026-01-03T10:44:32","date_gmt":"2026-01-03T09:44:32","guid":{"rendered":"https:\/\/preview.script.ch\/produkt\/set-marqueur-effet-flipchart\/"},"modified":"2026-01-03T10:44:59","modified_gmt":"2026-01-03T09:44:59","slug":"set-marqueur-effet-flipchart","status":"publish","type":"product","link":"https:\/\/preview.script.ch\/fr\/produkt\/set-marqueur-effet-flipchart\/","title":{"rendered":"Set Marqueur effet flipchart"},"content":{"rendered":"<p>Marqueur \u00e0 effets flipchart EDDING\u00ae 385 pointe calligraphique, clip, con\u00e7u sp\u00e9cialement pour \u00e9crire et marquer sur du papier, car l&rsquo;encre ne traverse pas le papier, id\u00e9al pour surligner et ombrer, encre \u00e0 base d&rsquo;eau d&rsquo;odeur neutre, peut rester ouvert pendant plusieurs semaines sans s\u00e9cher gr\u00e2ce \u00e0 l&rsquo;encre cap-off, rechargeable, largeur de trait env. 1 &#8211; 5 mm. \u00e9tui de 4 pces (jaune, orange, bleu clair, gris argent)  \u00e9tui en carton<\/p>\n","protected":false},"excerpt":{"rendered":"<p>Marqueur \u00e0 effets flipchart EDDING\u00ae 385 pointe calligraphique, clip, con\u00e7u sp\u00e9cialement pour \u00e9crire et marquer sur du papier, car l&rsquo;encre ne traverse pas le papier, id\u00e9al pour surligner et ombrer, encre \u00e0 base d&rsquo;eau d&rsquo;odeur neutre, peut rester ouvert pendant plusieurs semaines sans s\u00e9cher gr\u00e2ce \u00e0 l&rsquo;encre cap-off, rechargeable, largeur de trait env. 1 &#8211; [&hellip;]<\/p>\n","protected":false},"featured_media":0,"template":"","meta":{"_acf_changed":false},"product_brand":[],"product_cat":[53287],"product_tag":[],"class_list":{"0":"post-468656","1":"product","2":"type-product","3":"status-publish","5":"product_cat-marqueurs-flipchart-presenter","7":"first","8":"onbackorder","9":"taxable","10":"shipping-taxable","11":"purchasable","12":"product-type-simple","13":"add-to-wishlist-before_image"},"acf":[],"_links":{"self":[{"href":"https:\/\/preview.script.ch\/fr\/wp-json\/wp\/v2\/product\/468656","targetHints":{"allow":["GET"]}}],"collection":[{"href":"https:\/\/preview.script.ch\/fr\/wp-json\/wp\/v2\/product"}],"about":[{"href":"https:\/\/preview.script.ch\/fr\/wp-json\/wp\/v2\/types\/product"}],"wp:attachment":[{"href":"https:\/\/preview.script.ch\/fr\/wp-json\/wp\/v2\/media?parent=468656"}],"wp:term":[{"taxonomy":"product_brand","embeddable":true,"href":"https:\/\/preview.script.ch\/fr\/wp-json\/wp\/v2\/product_brand?post=468656"},{"taxonomy":"product_cat","embeddable":true,"href":"https:\/\/preview.script.ch\/fr\/wp-json\/wp\/v2\/product_cat?post=468656"},{"taxonomy":"product_tag","embeddable":true,"href":"https:\/\/preview.script.ch\/fr\/wp-json\/wp\/v2\/product_tag?post=468656"}],"curies":[{"name":"wp","href":"https:\/\/api.w.org\/{rel}","templated":true}]}}