{"id":467861,"date":"2025-11-28T22:55:38","date_gmt":"2025-11-28T21:55:38","guid":{"rendered":"https:\/\/preview.script.ch\/produkt\/papier-cadeau-colour-explosion\/"},"modified":"2025-11-28T22:56:04","modified_gmt":"2025-11-28T21:56:04","slug":"papier-cadeau-colour-explosion","status":"publish","type":"product","link":"https:\/\/preview.script.ch\/fr\/produkt\/papier-cadeau-colour-explosion\/","title":{"rendered":"Papier cadeau COLOUR EXPLOSION"},"content":{"rendered":"<p>Papier cadeau ZOEWIE\u00ae Everyday Colour Explosion rouleaux assortis 80 g\/m2, papier couch\u00e9, gaufrage \u00e0 chaud, rouleau 70 cm x 1,5 m, 5 motifs assortis, changements de dessin r\u00e9serv\u00e9s.<\/p>\n","protected":false},"excerpt":{"rendered":"<p>Papier cadeau ZOEWIE\u00ae Everyday Colour Explosion rouleaux assortis 80 g\/m2, papier couch\u00e9, gaufrage \u00e0 chaud, rouleau 70 cm x 1,5 m, 5 motifs assortis, changements de dessin r\u00e9serv\u00e9s.<\/p>\n","protected":false},"featured_media":0,"template":"","meta":{"_acf_changed":false},"product_brand":[],"product_cat":[53375],"product_tag":[],"class_list":{"0":"post-467861","1":"product","2":"type-product","3":"status-publish","5":"product_cat-cartes-de-voeux-papiers-cadeaux-rubans-cadeaux-papier-universel-de-bureau","7":"first","8":"onbackorder","9":"taxable","10":"shipping-taxable","11":"purchasable","12":"product-type-simple","13":"add-to-wishlist-before_image"},"acf":[],"_links":{"self":[{"href":"https:\/\/preview.script.ch\/fr\/wp-json\/wp\/v2\/product\/467861","targetHints":{"allow":["GET"]}}],"collection":[{"href":"https:\/\/preview.script.ch\/fr\/wp-json\/wp\/v2\/product"}],"about":[{"href":"https:\/\/preview.script.ch\/fr\/wp-json\/wp\/v2\/types\/product"}],"wp:attachment":[{"href":"https:\/\/preview.script.ch\/fr\/wp-json\/wp\/v2\/media?parent=467861"}],"wp:term":[{"taxonomy":"product_brand","embeddable":true,"href":"https:\/\/preview.script.ch\/fr\/wp-json\/wp\/v2\/product_brand?post=467861"},{"taxonomy":"product_cat","embeddable":true,"href":"https:\/\/preview.script.ch\/fr\/wp-json\/wp\/v2\/product_cat?post=467861"},{"taxonomy":"product_tag","embeddable":true,"href":"https:\/\/preview.script.ch\/fr\/wp-json\/wp\/v2\/product_tag?post=467861"}],"curies":[{"name":"wp","href":"https:\/\/api.w.org\/{rel}","templated":true}]}}