{"id":467748,"date":"2025-11-28T22:06:31","date_gmt":"2025-11-28T21:06:31","guid":{"rendered":"https:\/\/preview.script.ch\/produkt\/carte-de-paques-av-lapin\/"},"modified":"2025-11-28T22:06:58","modified_gmt":"2025-11-28T21:06:58","slug":"carte-de-paques-av-lapin","status":"publish","type":"product","link":"https:\/\/preview.script.ch\/fr\/produkt\/carte-de-paques-av-lapin\/","title":{"rendered":"Carte de P\u00e2ques av.lapin"},"content":{"rendered":"<p>Carte-cadeaux KURT EULZER P\u00e2ques texte en allemand, carton pr\u00e9pli\u00e9 avec enveloppes, format 115 x 170 mm. Emballage de 6 pi\u00e8ces. Ein frohes Osterfest  avec effet scintillant<\/p>\n","protected":false},"excerpt":{"rendered":"<p>Carte-cadeaux KURT EULZER P\u00e2ques texte en allemand, carton pr\u00e9pli\u00e9 avec enveloppes, format 115 x 170 mm. Emballage de 6 pi\u00e8ces. Ein frohes Osterfest avec effet scintillant<\/p>\n","protected":false},"featured_media":0,"template":"","meta":{"_acf_changed":false},"product_brand":[],"product_cat":[53375],"product_tag":[],"class_list":{"0":"post-467748","1":"product","2":"type-product","3":"status-publish","5":"product_cat-cartes-de-voeux-papiers-cadeaux-rubans-cadeaux-papier-universel-de-bureau","7":"first","8":"onbackorder","9":"taxable","10":"shipping-taxable","11":"purchasable","12":"product-type-simple","13":"add-to-wishlist-before_image"},"acf":[],"_links":{"self":[{"href":"https:\/\/preview.script.ch\/fr\/wp-json\/wp\/v2\/product\/467748","targetHints":{"allow":["GET"]}}],"collection":[{"href":"https:\/\/preview.script.ch\/fr\/wp-json\/wp\/v2\/product"}],"about":[{"href":"https:\/\/preview.script.ch\/fr\/wp-json\/wp\/v2\/types\/product"}],"wp:attachment":[{"href":"https:\/\/preview.script.ch\/fr\/wp-json\/wp\/v2\/media?parent=467748"}],"wp:term":[{"taxonomy":"product_brand","embeddable":true,"href":"https:\/\/preview.script.ch\/fr\/wp-json\/wp\/v2\/product_brand?post=467748"},{"taxonomy":"product_cat","embeddable":true,"href":"https:\/\/preview.script.ch\/fr\/wp-json\/wp\/v2\/product_cat?post=467748"},{"taxonomy":"product_tag","embeddable":true,"href":"https:\/\/preview.script.ch\/fr\/wp-json\/wp\/v2\/product_tag?post=467748"}],"curies":[{"name":"wp","href":"https:\/\/api.w.org\/{rel}","templated":true}]}}