{"id":465429,"date":"2025-11-25T23:59:23","date_gmt":"2025-11-25T22:59:23","guid":{"rendered":"https:\/\/preview.script.ch\/produkt\/carte-de-depart-a-la-retraite\/"},"modified":"2025-11-25T23:59:46","modified_gmt":"2025-11-25T22:59:46","slug":"carte-de-depart-a-la-retraite","status":"publish","type":"product","link":"https:\/\/preview.script.ch\/fr\/produkt\/carte-de-depart-a-la-retraite\/","title":{"rendered":"Carte de d\u00e9part \u00e0 la retraite"},"content":{"rendered":"<p>Cartes de voeux KURT EULZER carton pr\u00e9pli\u00e9 avec enveloppes. Durabilit\u00e9 eco:plus: Certification: FSC. format 120 x 180 mm paquet de 6 pi\u00e8ces. retraite  allemand<\/p>\n","protected":false},"excerpt":{"rendered":"<p>Cartes de voeux KURT EULZER carton pr\u00e9pli\u00e9 avec enveloppes. Durabilit\u00e9 eco:plus: Certification: FSC. format 120 x 180 mm paquet de 6 pi\u00e8ces. retraite allemand<\/p>\n","protected":false},"featured_media":0,"template":"","meta":{"_acf_changed":false},"product_brand":[],"product_cat":[53375],"product_tag":[],"class_list":{"0":"post-465429","1":"product","2":"type-product","3":"status-publish","5":"product_cat-cartes-de-voeux-papiers-cadeaux-rubans-cadeaux-papier-universel-de-bureau","7":"first","8":"onbackorder","9":"taxable","10":"shipping-taxable","11":"purchasable","12":"product-type-simple","13":"add-to-wishlist-before_image"},"acf":[],"_links":{"self":[{"href":"https:\/\/preview.script.ch\/fr\/wp-json\/wp\/v2\/product\/465429","targetHints":{"allow":["GET"]}}],"collection":[{"href":"https:\/\/preview.script.ch\/fr\/wp-json\/wp\/v2\/product"}],"about":[{"href":"https:\/\/preview.script.ch\/fr\/wp-json\/wp\/v2\/types\/product"}],"wp:attachment":[{"href":"https:\/\/preview.script.ch\/fr\/wp-json\/wp\/v2\/media?parent=465429"}],"wp:term":[{"taxonomy":"product_brand","embeddable":true,"href":"https:\/\/preview.script.ch\/fr\/wp-json\/wp\/v2\/product_brand?post=465429"},{"taxonomy":"product_cat","embeddable":true,"href":"https:\/\/preview.script.ch\/fr\/wp-json\/wp\/v2\/product_cat?post=465429"},{"taxonomy":"product_tag","embeddable":true,"href":"https:\/\/preview.script.ch\/fr\/wp-json\/wp\/v2\/product_tag?post=465429"}],"curies":[{"name":"wp","href":"https:\/\/api.w.org\/{rel}","templated":true}]}}