{"id":465347,"date":"2025-11-25T23:24:44","date_gmt":"2025-11-25T22:24:44","guid":{"rendered":"https:\/\/preview.script.ch\/produkt\/pendentif-softlings-fast-food\/"},"modified":"2025-11-25T23:25:08","modified_gmt":"2025-11-25T22:25:08","slug":"pendentif-softlings-fast-food","status":"publish","type":"product","link":"https:\/\/preview.script.ch\/fr\/produkt\/pendentif-softlings-fast-food\/","title":{"rendered":"Pendentif Softlings Fast Food"},"content":{"rendered":"<p>Porte-cl\u00e9s SOMBO Softlings en peluche, souple et duveteux, lavage \u00e0 la main recommand\u00e9. Dimensions: H 120 mm. Fast-food  5 motifs assortis  pommes frites, pizza, hamburger, hot-dog et ketchup<\/p>\n","protected":false},"excerpt":{"rendered":"<p>Porte-cl\u00e9s SOMBO Softlings en peluche, souple et duveteux, lavage \u00e0 la main recommand\u00e9. Dimensions: H 120 mm. Fast-food 5 motifs assortis pommes frites, pizza, hamburger, hot-dog et ketchup<\/p>\n","protected":false},"featured_media":0,"template":"","meta":{"_acf_changed":false},"product_brand":[],"product_cat":[53375],"product_tag":[],"class_list":{"0":"post-465347","1":"product","2":"type-product","3":"status-publish","5":"product_cat-cartes-de-voeux-papiers-cadeaux-rubans-cadeaux-papier-universel-de-bureau","7":"first","8":"onbackorder","9":"taxable","10":"shipping-taxable","11":"purchasable","12":"product-type-simple","13":"add-to-wishlist-before_image"},"acf":[],"_links":{"self":[{"href":"https:\/\/preview.script.ch\/fr\/wp-json\/wp\/v2\/product\/465347","targetHints":{"allow":["GET"]}}],"collection":[{"href":"https:\/\/preview.script.ch\/fr\/wp-json\/wp\/v2\/product"}],"about":[{"href":"https:\/\/preview.script.ch\/fr\/wp-json\/wp\/v2\/types\/product"}],"wp:attachment":[{"href":"https:\/\/preview.script.ch\/fr\/wp-json\/wp\/v2\/media?parent=465347"}],"wp:term":[{"taxonomy":"product_brand","embeddable":true,"href":"https:\/\/preview.script.ch\/fr\/wp-json\/wp\/v2\/product_brand?post=465347"},{"taxonomy":"product_cat","embeddable":true,"href":"https:\/\/preview.script.ch\/fr\/wp-json\/wp\/v2\/product_cat?post=465347"},{"taxonomy":"product_tag","embeddable":true,"href":"https:\/\/preview.script.ch\/fr\/wp-json\/wp\/v2\/product_tag?post=465347"}],"curies":[{"name":"wp","href":"https:\/\/api.w.org\/{rel}","templated":true}]}}