{"id":465131,"date":"2025-11-25T21:55:52","date_gmt":"2025-11-25T20:55:52","guid":{"rendered":"https:\/\/preview.script.ch\/produkt\/ruban-oeuf-opak-blanc-cre-arg\/"},"modified":"2025-11-25T21:56:18","modified_gmt":"2025-11-25T20:56:18","slug":"ruban-oeuf-opak-blanc-cre-arg","status":"publish","type":"product","link":"https:\/\/preview.script.ch\/fr\/produkt\/ruban-oeuf-opak-blanc-cre-arg\/","title":{"rendered":"Ruban oeuf OPAK blanc\/cr\u00e8.\/arg"},"content":{"rendered":"<p>Ruban PR\u00c4SENT Opak pelote ovalis\u00e9e en PP, ruban d\u00e9coratif \u00e0 friser, pelote 10 mm x 20 m. White<\/p>\n","protected":false},"excerpt":{"rendered":"<p>Ruban PR\u00c4SENT Opak pelote ovalis\u00e9e en PP, ruban d\u00e9coratif \u00e0 friser, pelote 10 mm x 20 m. White<\/p>\n","protected":false},"featured_media":0,"template":"","meta":{"_acf_changed":false},"product_brand":[],"product_cat":[53375],"product_tag":[],"class_list":{"0":"post-465131","1":"product","2":"type-product","3":"status-publish","5":"product_cat-cartes-de-voeux-papiers-cadeaux-rubans-cadeaux-papier-universel-de-bureau","7":"first","8":"onbackorder","9":"taxable","10":"shipping-taxable","11":"purchasable","12":"product-type-simple","13":"add-to-wishlist-before_image"},"acf":[],"_links":{"self":[{"href":"https:\/\/preview.script.ch\/fr\/wp-json\/wp\/v2\/product\/465131","targetHints":{"allow":["GET"]}}],"collection":[{"href":"https:\/\/preview.script.ch\/fr\/wp-json\/wp\/v2\/product"}],"about":[{"href":"https:\/\/preview.script.ch\/fr\/wp-json\/wp\/v2\/types\/product"}],"wp:attachment":[{"href":"https:\/\/preview.script.ch\/fr\/wp-json\/wp\/v2\/media?parent=465131"}],"wp:term":[{"taxonomy":"product_brand","embeddable":true,"href":"https:\/\/preview.script.ch\/fr\/wp-json\/wp\/v2\/product_brand?post=465131"},{"taxonomy":"product_cat","embeddable":true,"href":"https:\/\/preview.script.ch\/fr\/wp-json\/wp\/v2\/product_cat?post=465131"},{"taxonomy":"product_tag","embeddable":true,"href":"https:\/\/preview.script.ch\/fr\/wp-json\/wp\/v2\/product_tag?post=465131"}],"curies":[{"name":"wp","href":"https:\/\/api.w.org\/{rel}","templated":true}]}}