{"id":464435,"date":"2025-11-25T16:48:42","date_gmt":"2025-11-25T15:48:42","guid":{"rendered":"https:\/\/preview.script.ch\/produkt\/liv-note-patty-a5-lig-bte-cad\/"},"modified":"2025-11-25T16:49:08","modified_gmt":"2025-11-25T15:49:08","slug":"liv-note-patty-a5-lig-bte-cad","status":"publish","type":"product","link":"https:\/\/preview.script.ch\/fr\/produkt\/liv-note-patty-a5-lig-bte-cad\/","title":{"rendered":"Liv.note Patty A5 lig.bte cad."},"content":{"rendered":"<p>Carnet MOLESKINE\u00ae Limited Edition PEANUTS(TM) couverture rigide toil\u00e9e coton, fermeture par \u00e9lastique, coins arrondis, papier croquis de couleur ivoire, sans acide, 100 g\/m2, lign\u00e9, 2 rubans marque-page, pochette int\u00e9rieure \u00e0 soufflet en carton et coton, format Large 130 x 210 mm. Durabilit\u00e9 eco:plus: r\u00e9duction des d\u00e9chets. Certification: FSC. Patty  dans un \u00e9tui cadeau<\/p>\n","protected":false},"excerpt":{"rendered":"<p>Carnet MOLESKINE\u00ae Limited Edition PEANUTS(TM) couverture rigide toil\u00e9e coton, fermeture par \u00e9lastique, coins arrondis, papier croquis de couleur ivoire, sans acide, 100 g\/m2, lign\u00e9, 2 rubans marque-page, pochette int\u00e9rieure \u00e0 soufflet en carton et coton, format Large 130 x 210 mm. Durabilit\u00e9 eco:plus: r\u00e9duction des d\u00e9chets. Certification: FSC. Patty dans un \u00e9tui cadeau<\/p>\n","protected":false},"featured_media":0,"template":"","meta":{"_acf_changed":false},"product_brand":[],"product_cat":[53180],"product_tag":[],"class_list":{"0":"post-464435","1":"product","2":"type-product","3":"status-publish","5":"product_cat-cahiers-de-notes-papier-universel-de-bureau","7":"first","8":"onbackorder","9":"taxable","10":"shipping-taxable","11":"purchasable","12":"product-type-simple","13":"add-to-wishlist-before_image"},"acf":[],"_links":{"self":[{"href":"https:\/\/preview.script.ch\/fr\/wp-json\/wp\/v2\/product\/464435","targetHints":{"allow":["GET"]}}],"collection":[{"href":"https:\/\/preview.script.ch\/fr\/wp-json\/wp\/v2\/product"}],"about":[{"href":"https:\/\/preview.script.ch\/fr\/wp-json\/wp\/v2\/types\/product"}],"wp:attachment":[{"href":"https:\/\/preview.script.ch\/fr\/wp-json\/wp\/v2\/media?parent=464435"}],"wp:term":[{"taxonomy":"product_brand","embeddable":true,"href":"https:\/\/preview.script.ch\/fr\/wp-json\/wp\/v2\/product_brand?post=464435"},{"taxonomy":"product_cat","embeddable":true,"href":"https:\/\/preview.script.ch\/fr\/wp-json\/wp\/v2\/product_cat?post=464435"},{"taxonomy":"product_tag","embeddable":true,"href":"https:\/\/preview.script.ch\/fr\/wp-json\/wp\/v2\/product_tag?post=464435"}],"curies":[{"name":"wp","href":"https:\/\/api.w.org\/{rel}","templated":true}]}}