{"id":464417,"date":"2025-11-25T16:40:26","date_gmt":"2025-11-25T15:40:26","guid":{"rendered":"https:\/\/preview.script.ch\/produkt\/cahier-notes-peanuts-xl-ligne-2\/"},"modified":"2025-11-25T16:40:50","modified_gmt":"2025-11-25T15:40:50","slug":"cahier-notes-peanuts-xl-ligne-2","status":"publish","type":"product","link":"https:\/\/preview.script.ch\/fr\/produkt\/cahier-notes-peanuts-xl-ligne-2\/","title":{"rendered":"Cahier notes Peanuts XL lign\u00e9"},"content":{"rendered":"<p>Cahier MOLESKINE\u00ae Limited Edition PEANUTS(TM) couverture en carton, coins arrondis, papier de couleur ivoire, sans acide, 70 g\/m2, lign\u00e9, couture visible au dos, grande pochette int\u00e9rieure pour notes volantes, format Xtra Large 190 x 250 mm. Durabilit\u00e9 eco:plus: r\u00e9duction des d\u00e9chets. Certification: FSC. emballage de 3 pi\u00e8ces  3 motifs et couleurs assortis<\/p>\n","protected":false},"excerpt":{"rendered":"<p>Cahier MOLESKINE\u00ae Limited Edition PEANUTS(TM) couverture en carton, coins arrondis, papier de couleur ivoire, sans acide, 70 g\/m2, lign\u00e9, couture visible au dos, grande pochette int\u00e9rieure pour notes volantes, format Xtra Large 190 x 250 mm. Durabilit\u00e9 eco:plus: r\u00e9duction des d\u00e9chets. Certification: FSC. emballage de 3 pi\u00e8ces 3 motifs et couleurs assortis<\/p>\n","protected":false},"featured_media":0,"template":"","meta":{"_acf_changed":false},"product_brand":[],"product_cat":[53180],"product_tag":[],"class_list":{"0":"post-464417","1":"product","2":"type-product","3":"status-publish","5":"product_cat-cahiers-de-notes-papier-universel-de-bureau","7":"first","8":"onbackorder","9":"taxable","10":"shipping-taxable","11":"purchasable","12":"product-type-simple","13":"add-to-wishlist-before_image"},"acf":[],"_links":{"self":[{"href":"https:\/\/preview.script.ch\/fr\/wp-json\/wp\/v2\/product\/464417","targetHints":{"allow":["GET"]}}],"collection":[{"href":"https:\/\/preview.script.ch\/fr\/wp-json\/wp\/v2\/product"}],"about":[{"href":"https:\/\/preview.script.ch\/fr\/wp-json\/wp\/v2\/types\/product"}],"wp:attachment":[{"href":"https:\/\/preview.script.ch\/fr\/wp-json\/wp\/v2\/media?parent=464417"}],"wp:term":[{"taxonomy":"product_brand","embeddable":true,"href":"https:\/\/preview.script.ch\/fr\/wp-json\/wp\/v2\/product_brand?post=464417"},{"taxonomy":"product_cat","embeddable":true,"href":"https:\/\/preview.script.ch\/fr\/wp-json\/wp\/v2\/product_cat?post=464417"},{"taxonomy":"product_tag","embeddable":true,"href":"https:\/\/preview.script.ch\/fr\/wp-json\/wp\/v2\/product_tag?post=464417"}],"curies":[{"name":"wp","href":"https:\/\/api.w.org\/{rel}","templated":true}]}}