{"id":462571,"date":"2025-11-25T03:31:00","date_gmt":"2025-11-25T02:31:00","guid":{"rendered":"https:\/\/preview.script.ch\/produkt\/livre-note-sakura-a5-bte-coll\/"},"modified":"2025-11-25T03:31:26","modified_gmt":"2025-11-25T02:31:26","slug":"livre-note-sakura-a5-bte-coll","status":"publish","type":"product","link":"https:\/\/preview.script.ch\/fr\/produkt\/livre-note-sakura-a5-bte-coll\/","title":{"rendered":"Livre note Sakura A5 bte.coll."},"content":{"rendered":"<p>Carnet MOLESKINE\u00ae Limited Edition Sakura couverture rigide toil\u00e9e coton, fermeture par \u00e9lastique, coins arrondis, papier croquis de couleur ivoire, sans acide, 100 g\/m2, 2 rubans marque-page, pochette int\u00e9rieure \u00e0 soufflet en carton et coton. coffret collector  emballage de cahier 130 x 210 lign\u00e9, carnet 130 x 210 neutre et 4 crayons graphite rose BLACKWING<\/p>\n","protected":false},"excerpt":{"rendered":"<p>Carnet MOLESKINE\u00ae Limited Edition Sakura couverture rigide toil\u00e9e coton, fermeture par \u00e9lastique, coins arrondis, papier croquis de couleur ivoire, sans acide, 100 g\/m2, 2 rubans marque-page, pochette int\u00e9rieure \u00e0 soufflet en carton et coton. coffret collector emballage de cahier 130 x 210 lign\u00e9, carnet 130 x 210 neutre et 4 crayons graphite rose BLACKWING<\/p>\n","protected":false},"featured_media":0,"template":"","meta":{"_acf_changed":false},"product_brand":[],"product_cat":[53180],"product_tag":[],"class_list":{"0":"post-462571","1":"product","2":"type-product","3":"status-publish","5":"product_cat-cahiers-de-notes-papier-universel-de-bureau","7":"first","8":"onbackorder","9":"taxable","10":"shipping-taxable","11":"purchasable","12":"product-type-simple","13":"add-to-wishlist-before_image"},"acf":[],"_links":{"self":[{"href":"https:\/\/preview.script.ch\/fr\/wp-json\/wp\/v2\/product\/462571","targetHints":{"allow":["GET"]}}],"collection":[{"href":"https:\/\/preview.script.ch\/fr\/wp-json\/wp\/v2\/product"}],"about":[{"href":"https:\/\/preview.script.ch\/fr\/wp-json\/wp\/v2\/types\/product"}],"wp:attachment":[{"href":"https:\/\/preview.script.ch\/fr\/wp-json\/wp\/v2\/media?parent=462571"}],"wp:term":[{"taxonomy":"product_brand","embeddable":true,"href":"https:\/\/preview.script.ch\/fr\/wp-json\/wp\/v2\/product_brand?post=462571"},{"taxonomy":"product_cat","embeddable":true,"href":"https:\/\/preview.script.ch\/fr\/wp-json\/wp\/v2\/product_cat?post=462571"},{"taxonomy":"product_tag","embeddable":true,"href":"https:\/\/preview.script.ch\/fr\/wp-json\/wp\/v2\/product_tag?post=462571"}],"curies":[{"name":"wp","href":"https:\/\/api.w.org\/{rel}","templated":true}]}}