{"id":462353,"date":"2025-11-25T02:00:00","date_gmt":"2025-11-25T01:00:00","guid":{"rendered":"https:\/\/preview.script.ch\/produkt\/marqueur-flipchart-380-etui-4\/"},"modified":"2025-11-25T02:00:28","modified_gmt":"2025-11-25T01:00:28","slug":"marqueur-flipchart-380-etui-4","status":"publish","type":"product","link":"https:\/\/preview.script.ch\/fr\/produkt\/marqueur-flipchart-380-etui-4\/","title":{"rendered":"Marqueur flipchart 380 \u00e9tui 4"},"content":{"rendered":"<p>Marqueur flipchart EDDING\u00ae 380 pointe ogive, clip, con\u00e7u sp\u00e9cialement pour \u00e9crire et marquer sur du papier, car l&rsquo;encre ne traverse pas le papier, encre \u00e0 base d&rsquo;eau d&rsquo;odeur neutre, peut rester ouvert pendant plusieurs semaines sans s\u00e9cher gr\u00e2ce \u00e0 l&rsquo;encre cap-off, rechargeable, largeur de trait env. 1,5 &#8211; 3 mm. Durabilit\u00e9 eco:plus: dur\u00e9e de vie du produit prolong\u00e9e, recyclable. \u00e9tui de 4 pces (rouge, bleu, vert, noir)  \u00e9tui en carton<\/p>\n","protected":false},"excerpt":{"rendered":"<p>Marqueur flipchart EDDING\u00ae 380 pointe ogive, clip, con\u00e7u sp\u00e9cialement pour \u00e9crire et marquer sur du papier, car l&rsquo;encre ne traverse pas le papier, encre \u00e0 base d&rsquo;eau d&rsquo;odeur neutre, peut rester ouvert pendant plusieurs semaines sans s\u00e9cher gr\u00e2ce \u00e0 l&rsquo;encre cap-off, rechargeable, largeur de trait env. 1,5 &#8211; 3 mm. Durabilit\u00e9 eco:plus: dur\u00e9e de vie [&hellip;]<\/p>\n","protected":false},"featured_media":0,"template":"","meta":{"_acf_changed":false},"product_brand":[],"product_cat":[53287],"product_tag":[],"class_list":{"0":"post-462353","1":"product","2":"type-product","3":"status-publish","5":"product_cat-marqueurs-flipchart-presenter","7":"first","8":"onbackorder","9":"taxable","10":"shipping-taxable","11":"purchasable","12":"product-type-simple","13":"add-to-wishlist-before_image"},"acf":[],"_links":{"self":[{"href":"https:\/\/preview.script.ch\/fr\/wp-json\/wp\/v2\/product\/462353","targetHints":{"allow":["GET"]}}],"collection":[{"href":"https:\/\/preview.script.ch\/fr\/wp-json\/wp\/v2\/product"}],"about":[{"href":"https:\/\/preview.script.ch\/fr\/wp-json\/wp\/v2\/types\/product"}],"wp:attachment":[{"href":"https:\/\/preview.script.ch\/fr\/wp-json\/wp\/v2\/media?parent=462353"}],"wp:term":[{"taxonomy":"product_brand","embeddable":true,"href":"https:\/\/preview.script.ch\/fr\/wp-json\/wp\/v2\/product_brand?post=462353"},{"taxonomy":"product_cat","embeddable":true,"href":"https:\/\/preview.script.ch\/fr\/wp-json\/wp\/v2\/product_cat?post=462353"},{"taxonomy":"product_tag","embeddable":true,"href":"https:\/\/preview.script.ch\/fr\/wp-json\/wp\/v2\/product_tag?post=462353"}],"curies":[{"name":"wp","href":"https:\/\/api.w.org\/{rel}","templated":true}]}}