{"id":457966,"date":"2025-11-24T08:14:44","date_gmt":"2025-11-24T07:14:44","guid":{"rendered":"https:\/\/preview.script.ch\/produkt\/ruban-cadeau-satin-15mmx5m-rou-2\/"},"modified":"2025-11-24T08:15:08","modified_gmt":"2025-11-24T07:15:08","slug":"ruban-cadeau-satin-15mmx5m-rou-2","status":"publish","type":"product","link":"https:\/\/preview.script.ch\/fr\/produkt\/ruban-cadeau-satin-15mmx5m-rou-2\/","title":{"rendered":"Ruban cadeau SATIN 15mmx5m rou"},"content":{"rendered":"<p>Ruban PR\u00c4SENT Satin Ruban en satin double. Durabilit\u00e9 eco:plus: emballage respectueux de l&rsquo;environnement. bobine 15 mm x 5 m rouge fonc\u00e9<\/p>\n","protected":false},"excerpt":{"rendered":"<p>Ruban PR\u00c4SENT Satin Ruban en satin double. Durabilit\u00e9 eco:plus: emballage respectueux de l&rsquo;environnement. bobine 15 mm x 5 m rouge fonc\u00e9<\/p>\n","protected":false},"featured_media":457964,"template":"","meta":{"_acf_changed":false},"product_brand":[],"product_cat":[53375],"product_tag":[],"class_list":{"0":"post-457966","1":"product","2":"type-product","3":"status-publish","4":"has-post-thumbnail","6":"product_cat-cartes-de-voeux-papiers-cadeaux-rubans-cadeaux-papier-universel-de-bureau","8":"first","9":"onbackorder","10":"taxable","11":"shipping-taxable","12":"purchasable","13":"product-type-simple","14":"add-to-wishlist-before_image"},"acf":[],"_links":{"self":[{"href":"https:\/\/preview.script.ch\/fr\/wp-json\/wp\/v2\/product\/457966","targetHints":{"allow":["GET"]}}],"collection":[{"href":"https:\/\/preview.script.ch\/fr\/wp-json\/wp\/v2\/product"}],"about":[{"href":"https:\/\/preview.script.ch\/fr\/wp-json\/wp\/v2\/types\/product"}],"wp:featuredmedia":[{"embeddable":true,"href":"https:\/\/preview.script.ch\/fr\/wp-json\/wp\/v2\/media\/457964"}],"wp:attachment":[{"href":"https:\/\/preview.script.ch\/fr\/wp-json\/wp\/v2\/media?parent=457966"}],"wp:term":[{"taxonomy":"product_brand","embeddable":true,"href":"https:\/\/preview.script.ch\/fr\/wp-json\/wp\/v2\/product_brand?post=457966"},{"taxonomy":"product_cat","embeddable":true,"href":"https:\/\/preview.script.ch\/fr\/wp-json\/wp\/v2\/product_cat?post=457966"},{"taxonomy":"product_tag","embeddable":true,"href":"https:\/\/preview.script.ch\/fr\/wp-json\/wp\/v2\/product_tag?post=457966"}],"curies":[{"name":"wp","href":"https:\/\/api.w.org\/{rel}","templated":true}]}}