{"id":457938,"date":"2025-11-24T08:06:31","date_gmt":"2025-11-24T07:06:31","guid":{"rendered":"https:\/\/preview.script.ch\/produkt\/ruban-pelot-ov-poly-gli10mmx20\/"},"modified":"2025-11-24T08:06:55","modified_gmt":"2025-11-24T07:06:55","slug":"ruban-pelot-ov-poly-gli10mmx20","status":"publish","type":"product","link":"https:\/\/preview.script.ch\/fr\/produkt\/ruban-pelot-ov-poly-gli10mmx20\/","title":{"rendered":"Ruban pelot ov.POLY GLI10mmx20"},"content":{"rendered":"<p>PR\u00c4SENT Glitter Mix Pastell en PP, avec paillettes, couleurs assorties. ruban pelote ovalis\u00e9e ruban d\u00e9coratif \u00e0 friser, pelote 10 mm x 20 m.<\/p>\n","protected":false},"excerpt":{"rendered":"<p>PR\u00c4SENT Glitter Mix Pastell en PP, avec paillettes, couleurs assorties. ruban pelote ovalis\u00e9e ruban d\u00e9coratif \u00e0 friser, pelote 10 mm x 20 m.<\/p>\n","protected":false},"featured_media":457936,"template":"","meta":{"_acf_changed":false},"product_brand":[],"product_cat":[53375],"product_tag":[],"class_list":{"0":"post-457938","1":"product","2":"type-product","3":"status-publish","4":"has-post-thumbnail","6":"product_cat-cartes-de-voeux-papiers-cadeaux-rubans-cadeaux-papier-universel-de-bureau","8":"first","9":"onbackorder","10":"taxable","11":"shipping-taxable","12":"purchasable","13":"product-type-simple","14":"add-to-wishlist-before_image"},"acf":[],"_links":{"self":[{"href":"https:\/\/preview.script.ch\/fr\/wp-json\/wp\/v2\/product\/457938","targetHints":{"allow":["GET"]}}],"collection":[{"href":"https:\/\/preview.script.ch\/fr\/wp-json\/wp\/v2\/product"}],"about":[{"href":"https:\/\/preview.script.ch\/fr\/wp-json\/wp\/v2\/types\/product"}],"wp:featuredmedia":[{"embeddable":true,"href":"https:\/\/preview.script.ch\/fr\/wp-json\/wp\/v2\/media\/457936"}],"wp:attachment":[{"href":"https:\/\/preview.script.ch\/fr\/wp-json\/wp\/v2\/media?parent=457938"}],"wp:term":[{"taxonomy":"product_brand","embeddable":true,"href":"https:\/\/preview.script.ch\/fr\/wp-json\/wp\/v2\/product_brand?post=457938"},{"taxonomy":"product_cat","embeddable":true,"href":"https:\/\/preview.script.ch\/fr\/wp-json\/wp\/v2\/product_cat?post=457938"},{"taxonomy":"product_tag","embeddable":true,"href":"https:\/\/preview.script.ch\/fr\/wp-json\/wp\/v2\/product_tag?post=457938"}],"curies":[{"name":"wp","href":"https:\/\/api.w.org\/{rel}","templated":true}]}}