{"id":456572,"date":"2025-11-24T02:56:35","date_gmt":"2025-11-24T01:56:35","guid":{"rendered":"https:\/\/preview.script.ch\/produkt\/nrub-oeuf-mexico-xxl-10mmx30m\/"},"modified":"2025-11-24T02:57:00","modified_gmt":"2025-11-24T01:57:00","slug":"nrub-oeuf-mexico-xxl-10mmx30m","status":"publish","type":"product","link":"https:\/\/preview.script.ch\/fr\/produkt\/nrub-oeuf-mexico-xxl-10mmx30m\/","title":{"rendered":"N&rsquo;Rub.oeuf MEXICO XXL 10mmx30m"},"content":{"rendered":"<p>Ruban PR\u00c4SENT Mexico XXL pelote ovalis\u00e9e ruban d\u00e9coratif \u00e0 friser, pelote 10 mm x 30 m. couleurs assorties<\/p>\n","protected":false},"excerpt":{"rendered":"<p>Ruban PR\u00c4SENT Mexico XXL pelote ovalis\u00e9e ruban d\u00e9coratif \u00e0 friser, pelote 10 mm x 30 m. couleurs assorties<\/p>\n","protected":false},"featured_media":456570,"template":"","meta":{"_acf_changed":false},"product_brand":[],"product_cat":[53375],"product_tag":[],"class_list":{"0":"post-456572","1":"product","2":"type-product","3":"status-publish","4":"has-post-thumbnail","6":"product_cat-cartes-de-voeux-papiers-cadeaux-rubans-cadeaux-papier-universel-de-bureau","8":"first","9":"onbackorder","10":"taxable","11":"shipping-taxable","12":"purchasable","13":"product-type-simple","14":"add-to-wishlist-before_image"},"acf":[],"_links":{"self":[{"href":"https:\/\/preview.script.ch\/fr\/wp-json\/wp\/v2\/product\/456572","targetHints":{"allow":["GET"]}}],"collection":[{"href":"https:\/\/preview.script.ch\/fr\/wp-json\/wp\/v2\/product"}],"about":[{"href":"https:\/\/preview.script.ch\/fr\/wp-json\/wp\/v2\/types\/product"}],"wp:featuredmedia":[{"embeddable":true,"href":"https:\/\/preview.script.ch\/fr\/wp-json\/wp\/v2\/media\/456570"}],"wp:attachment":[{"href":"https:\/\/preview.script.ch\/fr\/wp-json\/wp\/v2\/media?parent=456572"}],"wp:term":[{"taxonomy":"product_brand","embeddable":true,"href":"https:\/\/preview.script.ch\/fr\/wp-json\/wp\/v2\/product_brand?post=456572"},{"taxonomy":"product_cat","embeddable":true,"href":"https:\/\/preview.script.ch\/fr\/wp-json\/wp\/v2\/product_cat?post=456572"},{"taxonomy":"product_tag","embeddable":true,"href":"https:\/\/preview.script.ch\/fr\/wp-json\/wp\/v2\/product_tag?post=456572"}],"curies":[{"name":"wp","href":"https:\/\/api.w.org\/{rel}","templated":true}]}}