{"id":455946,"date":"2025-11-24T00:30:03","date_gmt":"2025-11-23T23:30:03","guid":{"rendered":"https:\/\/preview.script.ch\/produkt\/pile-procell-lr14-c\/"},"modified":"2025-11-24T00:30:28","modified_gmt":"2025-11-23T23:30:28","slug":"pile-procell-lr14-c","status":"publish","type":"product","link":"https:\/\/preview.script.ch\/fr\/produkt\/pile-procell-lr14-c\/","title":{"rendered":"Pile Procell LR14\/C"},"content":{"rendered":"<p>Piles alcalines PROCELL\u00ae Intense source d&rsquo;\u00e9nergie fiable et durable, piles pour un usage professionnel \u00e0 forte consommation d&rsquo;\u00e9nergie, avec le double portefeuille PROCELL\u00ae, jusqu&rsquo;\u00e0 20% de piles en moins sont n\u00e9cessaires, r\u00e9sistent aux temp\u00e9ratures de -20 \u00e0 +54\u00b0C. Prix incluant la TEA. Type          \u00d8 mm  Pi\u00e8ces par BTE Baby 1,5 V C  26    10<\/p>\n","protected":false},"excerpt":{"rendered":"<p>Piles alcalines PROCELL\u00ae Intense source d&rsquo;\u00e9nergie fiable et durable, piles pour un usage professionnel \u00e0 forte consommation d&rsquo;\u00e9nergie, avec le double portefeuille PROCELL\u00ae, jusqu&rsquo;\u00e0 20% de piles en moins sont n\u00e9cessaires, r\u00e9sistent aux temp\u00e9ratures de -20 \u00e0 +54\u00b0C. Prix incluant la TEA. Type \u00d8 mm Pi\u00e8ces par BTE Baby 1,5 V C 26 10<\/p>\n","protected":false},"featured_media":455944,"template":"","meta":{"_acf_changed":false},"product_brand":[],"product_cat":[53247],"product_tag":[],"class_list":{"0":"post-455946","1":"product","2":"type-product","3":"status-publish","4":"has-post-thumbnail","6":"product_cat-piles-batterie-machines-de-bureau-et-accessoires","8":"first","9":"onbackorder","10":"taxable","11":"shipping-taxable","12":"purchasable","13":"product-type-simple","14":"add-to-wishlist-before_image"},"acf":[],"_links":{"self":[{"href":"https:\/\/preview.script.ch\/fr\/wp-json\/wp\/v2\/product\/455946","targetHints":{"allow":["GET"]}}],"collection":[{"href":"https:\/\/preview.script.ch\/fr\/wp-json\/wp\/v2\/product"}],"about":[{"href":"https:\/\/preview.script.ch\/fr\/wp-json\/wp\/v2\/types\/product"}],"wp:featuredmedia":[{"embeddable":true,"href":"https:\/\/preview.script.ch\/fr\/wp-json\/wp\/v2\/media\/455944"}],"wp:attachment":[{"href":"https:\/\/preview.script.ch\/fr\/wp-json\/wp\/v2\/media?parent=455946"}],"wp:term":[{"taxonomy":"product_brand","embeddable":true,"href":"https:\/\/preview.script.ch\/fr\/wp-json\/wp\/v2\/product_brand?post=455946"},{"taxonomy":"product_cat","embeddable":true,"href":"https:\/\/preview.script.ch\/fr\/wp-json\/wp\/v2\/product_cat?post=455946"},{"taxonomy":"product_tag","embeddable":true,"href":"https:\/\/preview.script.ch\/fr\/wp-json\/wp\/v2\/product_tag?post=455946"}],"curies":[{"name":"wp","href":"https:\/\/api.w.org\/{rel}","templated":true}]}}