{"id":454429,"date":"2025-11-23T19:12:06","date_gmt":"2025-11-23T18:12:06","guid":{"rendered":"https:\/\/preview.script.ch\/produkt\/ncartes-chris-appl-c6-5-1010\/"},"modified":"2025-11-23T19:12:33","modified_gmt":"2025-11-23T18:12:33","slug":"ncartes-chris-appl-c6-5-1010","status":"publish","type":"product","link":"https:\/\/preview.script.ch\/fr\/produkt\/ncartes-chris-appl-c6-5-1010\/","title":{"rendered":"N&rsquo;Cartes Chris.appl C6\/5 10+10"},"content":{"rendered":"<p>Cartes de No\u00ebl SIGEL DIN carton pr\u00e9pli\u00e9, avec enveloppes assorties, format C6\/5. Pour copieurs, imprimantes laser, jet d&rsquo;encre, laser couleur et copieurs couleur. en bristol Motif                  Pi\u00e8ces par EMB  g\/m\u00b2 Christmas with Apples  10              250<\/p>\n","protected":false},"excerpt":{"rendered":"<p>Cartes de No\u00ebl SIGEL DIN carton pr\u00e9pli\u00e9, avec enveloppes assorties, format C6\/5. Pour copieurs, imprimantes laser, jet d&rsquo;encre, laser couleur et copieurs couleur. en bristol Motif Pi\u00e8ces par EMB g\/m\u00b2 Christmas with Apples 10 250<\/p>\n","protected":false},"featured_media":454427,"template":"","meta":{"_acf_changed":false},"product_brand":[],"product_cat":[53184],"product_tag":[],"class_list":{"0":"post-454429","1":"product","2":"type-product","3":"status-publish","4":"has-post-thumbnail","6":"product_cat-papier-design-cartes-papier-universel-de-bureau","8":"first","9":"onbackorder","10":"taxable","11":"shipping-taxable","12":"purchasable","13":"product-type-simple","14":"add-to-wishlist-before_image"},"acf":[],"_links":{"self":[{"href":"https:\/\/preview.script.ch\/fr\/wp-json\/wp\/v2\/product\/454429","targetHints":{"allow":["GET"]}}],"collection":[{"href":"https:\/\/preview.script.ch\/fr\/wp-json\/wp\/v2\/product"}],"about":[{"href":"https:\/\/preview.script.ch\/fr\/wp-json\/wp\/v2\/types\/product"}],"wp:featuredmedia":[{"embeddable":true,"href":"https:\/\/preview.script.ch\/fr\/wp-json\/wp\/v2\/media\/454427"}],"wp:attachment":[{"href":"https:\/\/preview.script.ch\/fr\/wp-json\/wp\/v2\/media?parent=454429"}],"wp:term":[{"taxonomy":"product_brand","embeddable":true,"href":"https:\/\/preview.script.ch\/fr\/wp-json\/wp\/v2\/product_brand?post=454429"},{"taxonomy":"product_cat","embeddable":true,"href":"https:\/\/preview.script.ch\/fr\/wp-json\/wp\/v2\/product_cat?post=454429"},{"taxonomy":"product_tag","embeddable":true,"href":"https:\/\/preview.script.ch\/fr\/wp-json\/wp\/v2\/product_tag?post=454429"}],"curies":[{"name":"wp","href":"https:\/\/api.w.org\/{rel}","templated":true}]}}