{"id":454425,"date":"2025-11-23T19:11:17","date_gmt":"2025-11-23T18:11:17","guid":{"rendered":"https:\/\/preview.script.ch\/produkt\/ncartes-chris-tree-c6-5-1010\/"},"modified":"2025-11-23T19:11:40","modified_gmt":"2025-11-23T18:11:40","slug":"ncartes-chris-tree-c6-5-1010","status":"publish","type":"product","link":"https:\/\/preview.script.ch\/fr\/produkt\/ncartes-chris-tree-c6-5-1010\/","title":{"rendered":"N&rsquo;Cartes Chris.tree C6\/5 10+10"},"content":{"rendered":"<p>Cartes de No\u00ebl SIGEL DIN carton pr\u00e9pli\u00e9, avec enveloppes assorties, format C6\/5. Pour copieurs, imprimantes laser, jet d&rsquo;encre, laser couleur et copieurs couleur. en papier kraft Motif           Pi\u00e8ces par EMB  g\/m\u00b2 Christmas Tree  10              225<\/p>\n","protected":false},"excerpt":{"rendered":"<p>Cartes de No\u00ebl SIGEL DIN carton pr\u00e9pli\u00e9, avec enveloppes assorties, format C6\/5. Pour copieurs, imprimantes laser, jet d&rsquo;encre, laser couleur et copieurs couleur. en papier kraft Motif Pi\u00e8ces par EMB g\/m\u00b2 Christmas Tree 10 225<\/p>\n","protected":false},"featured_media":454423,"template":"","meta":{"_acf_changed":false},"product_brand":[],"product_cat":[53184],"product_tag":[],"class_list":{"0":"post-454425","1":"product","2":"type-product","3":"status-publish","4":"has-post-thumbnail","6":"product_cat-papier-design-cartes-papier-universel-de-bureau","8":"first","9":"onbackorder","10":"taxable","11":"shipping-taxable","12":"purchasable","13":"product-type-simple","14":"add-to-wishlist-before_image"},"acf":[],"_links":{"self":[{"href":"https:\/\/preview.script.ch\/fr\/wp-json\/wp\/v2\/product\/454425","targetHints":{"allow":["GET"]}}],"collection":[{"href":"https:\/\/preview.script.ch\/fr\/wp-json\/wp\/v2\/product"}],"about":[{"href":"https:\/\/preview.script.ch\/fr\/wp-json\/wp\/v2\/types\/product"}],"wp:featuredmedia":[{"embeddable":true,"href":"https:\/\/preview.script.ch\/fr\/wp-json\/wp\/v2\/media\/454423"}],"wp:attachment":[{"href":"https:\/\/preview.script.ch\/fr\/wp-json\/wp\/v2\/media?parent=454425"}],"wp:term":[{"taxonomy":"product_brand","embeddable":true,"href":"https:\/\/preview.script.ch\/fr\/wp-json\/wp\/v2\/product_brand?post=454425"},{"taxonomy":"product_cat","embeddable":true,"href":"https:\/\/preview.script.ch\/fr\/wp-json\/wp\/v2\/product_cat?post=454425"},{"taxonomy":"product_tag","embeddable":true,"href":"https:\/\/preview.script.ch\/fr\/wp-json\/wp\/v2\/product_tag?post=454425"}],"curies":[{"name":"wp","href":"https:\/\/api.w.org\/{rel}","templated":true}]}}