{"id":454380,"date":"2025-11-23T19:01:54","date_gmt":"2025-11-23T18:01:54","guid":{"rendered":"https:\/\/preview.script.ch\/produkt\/brother-hl-l2400dw\/"},"modified":"2025-11-23T19:02:18","modified_gmt":"2025-11-23T18:02:18","slug":"brother-hl-l2400dw","status":"publish","type":"product","link":"https:\/\/preview.script.ch\/fr\/produkt\/brother-hl-l2400dw\/","title":{"rendered":"Brother HL-L2400DW"},"content":{"rendered":"<p>Laserprinter BROTHER HL-L2400DW imprimante laser, \u00e9cran LC 1 ligne, r\u00e9solution max. 1200 x 1200 dpi, interface USB 2.0 haut d\u00e9bit et WLAN, connexion r\u00e9seau, Mobile Printing, impression de la premi\u00e8re page en mois de 8,5 sec., vitesse d&rsquo;impression jusqu&rsquo;\u00e0 30 ppm, cassette papier jusqu&rsquo;\u00e0 250 feuilles, impression recto verso automatique A4. Configuration requise: Windows\u00ae 10 et 11; Mac OS X v. 11 ou ult\u00e9rieure. Dimensions: L 360 x H 183 x P 356 mm. Poids: env. 7,1 kg. Garantie: 2 ans. noir<\/p>\n","protected":false},"excerpt":{"rendered":"<p>Laserprinter BROTHER HL-L2400DW imprimante laser, \u00e9cran LC 1 ligne, r\u00e9solution max. 1200 x 1200 dpi, interface USB 2.0 haut d\u00e9bit et WLAN, connexion r\u00e9seau, Mobile Printing, impression de la premi\u00e8re page en mois de 8,5 sec., vitesse d&rsquo;impression jusqu&rsquo;\u00e0 30 ppm, cassette papier jusqu&rsquo;\u00e0 250 feuilles, impression recto verso automatique A4. Configuration requise: Windows\u00ae 10 [&hellip;]<\/p>\n","protected":false},"featured_media":0,"template":"","meta":{"_acf_changed":false},"product_brand":[],"product_cat":[53260],"product_tag":[],"class_list":{"0":"post-454380","1":"product","2":"type-product","3":"status-publish","5":"product_cat-imprimante-scanner-telecopieur-appareil-multifonction-machines-de-bureau-et-accessoires","7":"first","8":"onbackorder","9":"taxable","10":"shipping-taxable","11":"purchasable","12":"product-type-simple","13":"add-to-wishlist-before_image"},"acf":[],"_links":{"self":[{"href":"https:\/\/preview.script.ch\/fr\/wp-json\/wp\/v2\/product\/454380","targetHints":{"allow":["GET"]}}],"collection":[{"href":"https:\/\/preview.script.ch\/fr\/wp-json\/wp\/v2\/product"}],"about":[{"href":"https:\/\/preview.script.ch\/fr\/wp-json\/wp\/v2\/types\/product"}],"wp:attachment":[{"href":"https:\/\/preview.script.ch\/fr\/wp-json\/wp\/v2\/media?parent=454380"}],"wp:term":[{"taxonomy":"product_brand","embeddable":true,"href":"https:\/\/preview.script.ch\/fr\/wp-json\/wp\/v2\/product_brand?post=454380"},{"taxonomy":"product_cat","embeddable":true,"href":"https:\/\/preview.script.ch\/fr\/wp-json\/wp\/v2\/product_cat?post=454380"},{"taxonomy":"product_tag","embeddable":true,"href":"https:\/\/preview.script.ch\/fr\/wp-json\/wp\/v2\/product_tag?post=454380"}],"curies":[{"name":"wp","href":"https:\/\/api.w.org\/{rel}","templated":true}]}}