{"id":452728,"date":"2025-11-23T12:56:25","date_gmt":"2025-11-23T11:56:25","guid":{"rendered":"https:\/\/preview.script.ch\/produkt\/liv-note-harry-potter-hc-lrlx\/"},"modified":"2025-11-23T12:56:46","modified_gmt":"2025-11-23T11:56:46","slug":"liv-note-harry-potter-hc-lrlx","status":"publish","type":"product","link":"https:\/\/preview.script.ch\/fr\/produkt\/liv-note-harry-potter-hc-lrlx\/","title":{"rendered":"Liv.note Harry Potter HC L&amp;rlx"},"content":{"rendered":"<p>Carnet MOLESKINE\u00ae Limited Edition Harry Potter couverture rigide toil\u00e9e coton, avec effet Glow in the Dark, fermeture par \u00e9lastique, coins arrondis, papier croquis de couleur ivoire, sans acide, 100 g\/m2, lign\u00e9, 176 pages, 2 rubans marque-page, pochette int\u00e9rieure \u00e0 soufflet en carton et coton, contient une feuille avec autocollants, format Large 130 x 210 mm. Durabilit\u00e9 eco:plus: r\u00e9duction des d\u00e9chets. Certification: FSC. Lumos  avec roller \u00e0 encre gel KAWECO, dans un \u00e9tui cadeau<\/p>\n","protected":false},"excerpt":{"rendered":"<p>Carnet MOLESKINE\u00ae Limited Edition Harry Potter couverture rigide toil\u00e9e coton, avec effet Glow in the Dark, fermeture par \u00e9lastique, coins arrondis, papier croquis de couleur ivoire, sans acide, 100 g\/m2, lign\u00e9, 176 pages, 2 rubans marque-page, pochette int\u00e9rieure \u00e0 soufflet en carton et coton, contient une feuille avec autocollants, format Large 130 x 210 mm. [&hellip;]<\/p>\n","protected":false},"featured_media":452726,"template":"","meta":{"_acf_changed":false},"product_brand":[],"product_cat":[53180],"product_tag":[],"class_list":{"0":"post-452728","1":"product","2":"type-product","3":"status-publish","4":"has-post-thumbnail","6":"product_cat-cahiers-de-notes-papier-universel-de-bureau","8":"first","9":"onbackorder","10":"taxable","11":"shipping-taxable","12":"purchasable","13":"product-type-simple","14":"add-to-wishlist-before_image"},"acf":[],"_links":{"self":[{"href":"https:\/\/preview.script.ch\/fr\/wp-json\/wp\/v2\/product\/452728","targetHints":{"allow":["GET"]}}],"collection":[{"href":"https:\/\/preview.script.ch\/fr\/wp-json\/wp\/v2\/product"}],"about":[{"href":"https:\/\/preview.script.ch\/fr\/wp-json\/wp\/v2\/types\/product"}],"wp:featuredmedia":[{"embeddable":true,"href":"https:\/\/preview.script.ch\/fr\/wp-json\/wp\/v2\/media\/452726"}],"wp:attachment":[{"href":"https:\/\/preview.script.ch\/fr\/wp-json\/wp\/v2\/media?parent=452728"}],"wp:term":[{"taxonomy":"product_brand","embeddable":true,"href":"https:\/\/preview.script.ch\/fr\/wp-json\/wp\/v2\/product_brand?post=452728"},{"taxonomy":"product_cat","embeddable":true,"href":"https:\/\/preview.script.ch\/fr\/wp-json\/wp\/v2\/product_cat?post=452728"},{"taxonomy":"product_tag","embeddable":true,"href":"https:\/\/preview.script.ch\/fr\/wp-json\/wp\/v2\/product_tag?post=452728"}],"curies":[{"name":"wp","href":"https:\/\/api.w.org\/{rel}","templated":true}]}}