{"id":452724,"date":"2025-11-23T12:55:41","date_gmt":"2025-11-23T11:55:41","guid":{"rendered":"https:\/\/preview.script.ch\/produkt\/liv-note-petit-prince-hc-l-box\/"},"modified":"2025-11-23T12:56:02","modified_gmt":"2025-11-23T11:56:02","slug":"liv-note-petit-prince-hc-l-box","status":"publish","type":"product","link":"https:\/\/preview.script.ch\/fr\/produkt\/liv-note-petit-prince-hc-l-box\/","title":{"rendered":"Liv.note Petit Prince HC L Box"},"content":{"rendered":"<p>Carnet MOLESKINE\u00ae Le Petit Prince couverture rigide toil\u00e9e coton, fermeture par \u00e9lastique, coins arrondis, papier croquis de couleur ivoire, sans acide, 100 g\/m2, lign\u00e9, 176 pages, ruban marque-page, pochette int\u00e9rieure \u00e0 soufflet en carton et coton, contient une feuille avec autocollants, dans un \u00e9tui cadeau, format Large 130 x 210 mm. Durabilit\u00e9 eco:plus: r\u00e9duction des d\u00e9chets. Certification: FSC. noir<\/p>\n","protected":false},"excerpt":{"rendered":"<p>Carnet MOLESKINE\u00ae Le Petit Prince couverture rigide toil\u00e9e coton, fermeture par \u00e9lastique, coins arrondis, papier croquis de couleur ivoire, sans acide, 100 g\/m2, lign\u00e9, 176 pages, ruban marque-page, pochette int\u00e9rieure \u00e0 soufflet en carton et coton, contient une feuille avec autocollants, dans un \u00e9tui cadeau, format Large 130 x 210 mm. Durabilit\u00e9 eco:plus: r\u00e9duction des [&hellip;]<\/p>\n","protected":false},"featured_media":452722,"template":"","meta":{"_acf_changed":false},"product_brand":[],"product_cat":[53180],"product_tag":[],"class_list":{"0":"post-452724","1":"product","2":"type-product","3":"status-publish","4":"has-post-thumbnail","6":"product_cat-cahiers-de-notes-papier-universel-de-bureau","8":"first","9":"onbackorder","10":"taxable","11":"shipping-taxable","12":"purchasable","13":"product-type-simple","14":"add-to-wishlist-before_image"},"acf":[],"_links":{"self":[{"href":"https:\/\/preview.script.ch\/fr\/wp-json\/wp\/v2\/product\/452724","targetHints":{"allow":["GET"]}}],"collection":[{"href":"https:\/\/preview.script.ch\/fr\/wp-json\/wp\/v2\/product"}],"about":[{"href":"https:\/\/preview.script.ch\/fr\/wp-json\/wp\/v2\/types\/product"}],"wp:featuredmedia":[{"embeddable":true,"href":"https:\/\/preview.script.ch\/fr\/wp-json\/wp\/v2\/media\/452722"}],"wp:attachment":[{"href":"https:\/\/preview.script.ch\/fr\/wp-json\/wp\/v2\/media?parent=452724"}],"wp:term":[{"taxonomy":"product_brand","embeddable":true,"href":"https:\/\/preview.script.ch\/fr\/wp-json\/wp\/v2\/product_brand?post=452724"},{"taxonomy":"product_cat","embeddable":true,"href":"https:\/\/preview.script.ch\/fr\/wp-json\/wp\/v2\/product_cat?post=452724"},{"taxonomy":"product_tag","embeddable":true,"href":"https:\/\/preview.script.ch\/fr\/wp-json\/wp\/v2\/product_tag?post=452724"}],"curies":[{"name":"wp","href":"https:\/\/api.w.org\/{rel}","templated":true}]}}