{"id":451648,"date":"2025-11-23T09:05:48","date_gmt":"2025-11-23T08:05:48","guid":{"rendered":"https:\/\/preview.script.ch\/produkt\/aimant-pr-glasboard-sage-green\/"},"modified":"2025-11-23T09:06:12","modified_gmt":"2025-11-23T08:06:12","slug":"aimant-pr-glasboard-sage-green","status":"publish","type":"product","link":"https:\/\/preview.script.ch\/fr\/produkt\/aimant-pr-glasboard-sage-green\/","title":{"rendered":"Aimant pr.Glasboard Sage Green"},"content":{"rendered":"<p>Aimants LEGAMASTER\u00ae rond en m\u00e9tal, extra puissants. Dimensions: H 7 mm, \u00d8 30 mm. Emballage de 5 pi\u00e8ces. Sage Green<\/p>\n","protected":false},"excerpt":{"rendered":"<p>Aimants LEGAMASTER\u00ae rond en m\u00e9tal, extra puissants. Dimensions: H 7 mm, \u00d8 30 mm. Emballage de 5 pi\u00e8ces. Sage Green<\/p>\n","protected":false},"featured_media":451646,"template":"","meta":{"_acf_changed":false},"product_brand":[],"product_cat":[53290],"product_tag":[],"class_list":{"0":"post-451648","1":"product","2":"type-product","3":"status-publish","4":"has-post-thumbnail","6":"product_cat-accessoires-pour-tableaux-blanc-effaceur-porte-marqueur-nettoyant-presenter","8":"first","9":"onbackorder","10":"taxable","11":"shipping-taxable","12":"purchasable","13":"product-type-simple","14":"add-to-wishlist-before_image"},"acf":[],"_links":{"self":[{"href":"https:\/\/preview.script.ch\/fr\/wp-json\/wp\/v2\/product\/451648","targetHints":{"allow":["GET"]}}],"collection":[{"href":"https:\/\/preview.script.ch\/fr\/wp-json\/wp\/v2\/product"}],"about":[{"href":"https:\/\/preview.script.ch\/fr\/wp-json\/wp\/v2\/types\/product"}],"wp:featuredmedia":[{"embeddable":true,"href":"https:\/\/preview.script.ch\/fr\/wp-json\/wp\/v2\/media\/451646"}],"wp:attachment":[{"href":"https:\/\/preview.script.ch\/fr\/wp-json\/wp\/v2\/media?parent=451648"}],"wp:term":[{"taxonomy":"product_brand","embeddable":true,"href":"https:\/\/preview.script.ch\/fr\/wp-json\/wp\/v2\/product_brand?post=451648"},{"taxonomy":"product_cat","embeddable":true,"href":"https:\/\/preview.script.ch\/fr\/wp-json\/wp\/v2\/product_cat?post=451648"},{"taxonomy":"product_tag","embeddable":true,"href":"https:\/\/preview.script.ch\/fr\/wp-json\/wp\/v2\/product_tag?post=451648"}],"curies":[{"name":"wp","href":"https:\/\/api.w.org\/{rel}","templated":true}]}}