{"id":448339,"date":"2025-11-22T21:01:33","date_gmt":"2025-11-22T20:01:33","guid":{"rendered":"https:\/\/preview.script.ch\/produkt\/stylo-a-bille-caran-dache-bleu-ssag\/"},"modified":"2026-03-26T09:07:24","modified_gmt":"2026-03-26T08:07:24","slug":"stylo-a-bille-caran-dache-bleu-ssag","status":"publish","type":"product","link":"https:\/\/preview.script.ch\/fr\/produkt\/stylo-a-bille-caran-dache-bleu-ssag\/","title":{"rendered":"Stylo \u00e0 bille Caran d&rsquo;Ache bleu SSAG"},"content":{"rendered":"<p>SCHENKER STOREN Giveaways Stylo \u00e0 bille CdA 849 m\u00e9tallique avec impression Schenker Storen.<br \/>\nEmballage ext\u00e9rieur : 10 pi\u00e8ces.<\/p>\n","protected":false},"excerpt":{"rendered":"<p>SCHENKER STOREN Giveaways Stylo \u00e0 bille CdA 849 m\u00e9tallique avec impression Schenker Storen. Emballage ext\u00e9rieur : 10 pi\u00e8ces.<\/p>\n","protected":false},"featured_media":470944,"template":"","meta":{"_acf_changed":false},"product_brand":[],"product_cat":[53276],"product_tag":[],"class_list":{"0":"post-448339","1":"product","2":"type-product","3":"status-publish","4":"has-post-thumbnail","6":"product_cat-stylos-a-bille-relations-publiques-rp-articles-promotionnels","8":"first","9":"instock","10":"taxable","11":"shipping-taxable","12":"purchasable","13":"product-type-simple","14":"add-to-wishlist-before_image"},"acf":[],"_links":{"self":[{"href":"https:\/\/preview.script.ch\/fr\/wp-json\/wp\/v2\/product\/448339","targetHints":{"allow":["GET"]}}],"collection":[{"href":"https:\/\/preview.script.ch\/fr\/wp-json\/wp\/v2\/product"}],"about":[{"href":"https:\/\/preview.script.ch\/fr\/wp-json\/wp\/v2\/types\/product"}],"wp:featuredmedia":[{"embeddable":true,"href":"https:\/\/preview.script.ch\/fr\/wp-json\/wp\/v2\/media\/470944"}],"wp:attachment":[{"href":"https:\/\/preview.script.ch\/fr\/wp-json\/wp\/v2\/media?parent=448339"}],"wp:term":[{"taxonomy":"product_brand","embeddable":true,"href":"https:\/\/preview.script.ch\/fr\/wp-json\/wp\/v2\/product_brand?post=448339"},{"taxonomy":"product_cat","embeddable":true,"href":"https:\/\/preview.script.ch\/fr\/wp-json\/wp\/v2\/product_cat?post=448339"},{"taxonomy":"product_tag","embeddable":true,"href":"https:\/\/preview.script.ch\/fr\/wp-json\/wp\/v2\/product_tag?post=448339"}],"curies":[{"name":"wp","href":"https:\/\/api.w.org\/{rel}","templated":true}]}}