{"id":447856,"date":"2025-11-22T19:08:03","date_gmt":"2025-11-22T18:08:03","guid":{"rendered":"https:\/\/preview.script.ch\/produkt\/papier-cadeau-wimpel-turq\/"},"modified":"2025-11-22T19:08:28","modified_gmt":"2025-11-22T18:08:28","slug":"papier-cadeau-wimpel-turq","status":"publish","type":"product","link":"https:\/\/preview.script.ch\/fr\/produkt\/papier-cadeau-wimpel-turq\/","title":{"rendered":"Papier cadeau Wimpel turq."},"content":{"rendered":"<p>Papier cadeau BRAUN + COMPANY Everyday rouleau 80 g\/m2, papier couch\u00e9, rouleau 70 cm x 2 m. Durabilit\u00e9 eco:plus: energie r\u00e9cup\u00e9r\u00e9e, recyclable, composant recycl\u00e9, r\u00e9duction des d\u00e9chets, emballage respectueux de l&rsquo;environnement. Fanions turquoise<\/p>\n","protected":false},"excerpt":{"rendered":"<p>Papier cadeau BRAUN + COMPANY Everyday rouleau 80 g\/m2, papier couch\u00e9, rouleau 70 cm x 2 m. Durabilit\u00e9 eco:plus: energie r\u00e9cup\u00e9r\u00e9e, recyclable, composant recycl\u00e9, r\u00e9duction des d\u00e9chets, emballage respectueux de l&rsquo;environnement. Fanions turquoise<\/p>\n","protected":false},"featured_media":447854,"template":"","meta":{"_acf_changed":false},"product_brand":[],"product_cat":[53375],"product_tag":[],"class_list":{"0":"post-447856","1":"product","2":"type-product","3":"status-publish","4":"has-post-thumbnail","6":"product_cat-cartes-de-voeux-papiers-cadeaux-rubans-cadeaux-papier-universel-de-bureau","8":"first","9":"onbackorder","10":"taxable","11":"shipping-taxable","12":"purchasable","13":"product-type-simple","14":"add-to-wishlist-before_image"},"acf":[],"_links":{"self":[{"href":"https:\/\/preview.script.ch\/fr\/wp-json\/wp\/v2\/product\/447856","targetHints":{"allow":["GET"]}}],"collection":[{"href":"https:\/\/preview.script.ch\/fr\/wp-json\/wp\/v2\/product"}],"about":[{"href":"https:\/\/preview.script.ch\/fr\/wp-json\/wp\/v2\/types\/product"}],"wp:featuredmedia":[{"embeddable":true,"href":"https:\/\/preview.script.ch\/fr\/wp-json\/wp\/v2\/media\/447854"}],"wp:attachment":[{"href":"https:\/\/preview.script.ch\/fr\/wp-json\/wp\/v2\/media?parent=447856"}],"wp:term":[{"taxonomy":"product_brand","embeddable":true,"href":"https:\/\/preview.script.ch\/fr\/wp-json\/wp\/v2\/product_brand?post=447856"},{"taxonomy":"product_cat","embeddable":true,"href":"https:\/\/preview.script.ch\/fr\/wp-json\/wp\/v2\/product_cat?post=447856"},{"taxonomy":"product_tag","embeddable":true,"href":"https:\/\/preview.script.ch\/fr\/wp-json\/wp\/v2\/product_tag?post=447856"}],"curies":[{"name":"wp","href":"https:\/\/api.w.org\/{rel}","templated":true}]}}