{"id":447836,"date":"2025-11-22T19:04:22","date_gmt":"2025-11-22T18:04:22","guid":{"rendered":"https:\/\/preview.script.ch\/produkt\/papier-cadeau-nice-2mx70cm\/"},"modified":"2025-11-22T19:04:43","modified_gmt":"2025-11-22T18:04:43","slug":"papier-cadeau-nice-2mx70cm","status":"publish","type":"product","link":"https:\/\/preview.script.ch\/fr\/produkt\/papier-cadeau-nice-2mx70cm\/","title":{"rendered":"Papier cadeau Nice 2mx70cm"},"content":{"rendered":"<p>Papier cadeau BRAUN + COMPANY fantaisie rouleau 80 g\/m2, papier couch\u00e9, rouleau 70 cm x 2 m. Durabilit\u00e9 eco:plus: recyclable, r\u00e9duction des d\u00e9chets. Sch\u00f6n dass es dich gibt<\/p>\n","protected":false},"excerpt":{"rendered":"<p>Papier cadeau BRAUN + COMPANY fantaisie rouleau 80 g\/m2, papier couch\u00e9, rouleau 70 cm x 2 m. Durabilit\u00e9 eco:plus: recyclable, r\u00e9duction des d\u00e9chets. Sch\u00f6n dass es dich gibt<\/p>\n","protected":false},"featured_media":447834,"template":"","meta":{"_acf_changed":false},"product_brand":[],"product_cat":[53375],"product_tag":[],"class_list":{"0":"post-447836","1":"product","2":"type-product","3":"status-publish","4":"has-post-thumbnail","6":"product_cat-cartes-de-voeux-papiers-cadeaux-rubans-cadeaux-papier-universel-de-bureau","8":"first","9":"onbackorder","10":"taxable","11":"shipping-taxable","12":"purchasable","13":"product-type-simple","14":"add-to-wishlist-before_image"},"acf":[],"_links":{"self":[{"href":"https:\/\/preview.script.ch\/fr\/wp-json\/wp\/v2\/product\/447836","targetHints":{"allow":["GET"]}}],"collection":[{"href":"https:\/\/preview.script.ch\/fr\/wp-json\/wp\/v2\/product"}],"about":[{"href":"https:\/\/preview.script.ch\/fr\/wp-json\/wp\/v2\/types\/product"}],"wp:featuredmedia":[{"embeddable":true,"href":"https:\/\/preview.script.ch\/fr\/wp-json\/wp\/v2\/media\/447834"}],"wp:attachment":[{"href":"https:\/\/preview.script.ch\/fr\/wp-json\/wp\/v2\/media?parent=447836"}],"wp:term":[{"taxonomy":"product_brand","embeddable":true,"href":"https:\/\/preview.script.ch\/fr\/wp-json\/wp\/v2\/product_brand?post=447836"},{"taxonomy":"product_cat","embeddable":true,"href":"https:\/\/preview.script.ch\/fr\/wp-json\/wp\/v2\/product_cat?post=447836"},{"taxonomy":"product_tag","embeddable":true,"href":"https:\/\/preview.script.ch\/fr\/wp-json\/wp\/v2\/product_tag?post=447836"}],"curies":[{"name":"wp","href":"https:\/\/api.w.org\/{rel}","templated":true}]}}