{"id":447744,"date":"2025-11-22T18:41:53","date_gmt":"2025-11-22T17:41:53","guid":{"rendered":"https:\/\/preview.script.ch\/produkt\/papier-tissu-yvie-5mx50cm\/"},"modified":"2025-11-22T18:42:14","modified_gmt":"2025-11-22T17:42:14","slug":"papier-tissu-yvie-5mx50cm","status":"publish","type":"product","link":"https:\/\/preview.script.ch\/fr\/produkt\/papier-tissu-yvie-5mx50cm\/","title":{"rendered":"Papier tissu YVIE 5mx50cm"},"content":{"rendered":"<p>Papier tissu STEWO avec impression 30 g\/m2, sans bois et chlore. Durabilit\u00e9 eco:plus: construit pour \u00eatre d\u00e9montable, dur\u00e9e de vie du produit prolong\u00e9e, recyclable, composant recycl\u00e9, teneur en d\u00e9chets recycl\u00e9s avant utilisation max. 98%, teneur en d\u00e9chets recycl\u00e9s apr\u00e8s utilisation max. 2%, r\u00e9duction des d\u00e9chets, emballage respectueux de l&rsquo;environnement. Certification: FSC. rouleaux de 50 cm x 5 m Yvie<\/p>\n","protected":false},"excerpt":{"rendered":"<p>Papier tissu STEWO avec impression 30 g\/m2, sans bois et chlore. Durabilit\u00e9 eco:plus: construit pour \u00eatre d\u00e9montable, dur\u00e9e de vie du produit prolong\u00e9e, recyclable, composant recycl\u00e9, teneur en d\u00e9chets recycl\u00e9s avant utilisation max. 98%, teneur en d\u00e9chets recycl\u00e9s apr\u00e8s utilisation max. 2%, r\u00e9duction des d\u00e9chets, emballage respectueux de l&rsquo;environnement. Certification: FSC. rouleaux de 50 cm [&hellip;]<\/p>\n","protected":false},"featured_media":447742,"template":"","meta":{"_acf_changed":false},"product_brand":[],"product_cat":[53375],"product_tag":[],"class_list":{"0":"post-447744","1":"product","2":"type-product","3":"status-publish","4":"has-post-thumbnail","6":"product_cat-cartes-de-voeux-papiers-cadeaux-rubans-cadeaux-papier-universel-de-bureau","8":"first","9":"onbackorder","10":"taxable","11":"shipping-taxable","12":"purchasable","13":"product-type-simple","14":"add-to-wishlist-before_image"},"acf":[],"_links":{"self":[{"href":"https:\/\/preview.script.ch\/fr\/wp-json\/wp\/v2\/product\/447744","targetHints":{"allow":["GET"]}}],"collection":[{"href":"https:\/\/preview.script.ch\/fr\/wp-json\/wp\/v2\/product"}],"about":[{"href":"https:\/\/preview.script.ch\/fr\/wp-json\/wp\/v2\/types\/product"}],"wp:featuredmedia":[{"embeddable":true,"href":"https:\/\/preview.script.ch\/fr\/wp-json\/wp\/v2\/media\/447742"}],"wp:attachment":[{"href":"https:\/\/preview.script.ch\/fr\/wp-json\/wp\/v2\/media?parent=447744"}],"wp:term":[{"taxonomy":"product_brand","embeddable":true,"href":"https:\/\/preview.script.ch\/fr\/wp-json\/wp\/v2\/product_brand?post=447744"},{"taxonomy":"product_cat","embeddable":true,"href":"https:\/\/preview.script.ch\/fr\/wp-json\/wp\/v2\/product_cat?post=447744"},{"taxonomy":"product_tag","embeddable":true,"href":"https:\/\/preview.script.ch\/fr\/wp-json\/wp\/v2\/product_tag?post=447744"}],"curies":[{"name":"wp","href":"https:\/\/api.w.org\/{rel}","templated":true}]}}