{"id":447613,"date":"2025-11-22T18:15:08","date_gmt":"2025-11-22T17:15:08","guid":{"rendered":"https:\/\/preview.script.ch\/produkt\/badgemaker-61x210mm\/"},"modified":"2025-11-22T18:15:29","modified_gmt":"2025-11-22T17:15:29","slug":"badgemaker-61x210mm","status":"publish","type":"product","link":"https:\/\/preview.script.ch\/fr\/produkt\/badgemaker-61x210mm\/","title":{"rendered":"Badgemaker 61x210mm"},"content":{"rendered":"<p>Etiquettes pour badges DURABLE Badgemaker\u00ae 150g\/m2, blanches, avec microperforation, format A4, inscription facile avec le logiciel d&rsquo;\u00e9tiquetage gratuit Duraprint\u00ae sur www.duraprint.fr. Pour copieurs, imprimantes laser, jet d&rsquo;encre, laser couleur et copieurs couleur. Bo\u00eete de 20 feuilles. Durabilit\u00e9 eco:plus: recyclable. format des \u00e9tiquettes 210 x 61 mm pour badges 8031, 8034, 8048, 8052, 8202, 8271. 20 \u00e9tiquettes<\/p>\n","protected":false},"excerpt":{"rendered":"<p>Etiquettes pour badges DURABLE Badgemaker\u00ae 150g\/m2, blanches, avec microperforation, format A4, inscription facile avec le logiciel d&rsquo;\u00e9tiquetage gratuit Duraprint\u00ae sur www.duraprint.fr. Pour copieurs, imprimantes laser, jet d&rsquo;encre, laser couleur et copieurs couleur. Bo\u00eete de 20 feuilles. Durabilit\u00e9 eco:plus: recyclable. format des \u00e9tiquettes 210 x 61 mm pour badges 8031, 8034, 8048, 8052, 8202, 8271. 20 [&hellip;]<\/p>\n","protected":false},"featured_media":447611,"template":"","meta":{"_acf_changed":false},"product_brand":[],"product_cat":[53292],"product_tag":[],"class_list":{"0":"post-447613","1":"product","2":"type-product","3":"status-publish","4":"has-post-thumbnail","6":"product_cat-etiquettes-de-nom-porte-noms-presentoirs-de-table-presenter","8":"first","9":"onbackorder","10":"taxable","11":"shipping-taxable","12":"purchasable","13":"product-type-simple","14":"add-to-wishlist-before_image"},"acf":[],"_links":{"self":[{"href":"https:\/\/preview.script.ch\/fr\/wp-json\/wp\/v2\/product\/447613","targetHints":{"allow":["GET"]}}],"collection":[{"href":"https:\/\/preview.script.ch\/fr\/wp-json\/wp\/v2\/product"}],"about":[{"href":"https:\/\/preview.script.ch\/fr\/wp-json\/wp\/v2\/types\/product"}],"wp:featuredmedia":[{"embeddable":true,"href":"https:\/\/preview.script.ch\/fr\/wp-json\/wp\/v2\/media\/447611"}],"wp:attachment":[{"href":"https:\/\/preview.script.ch\/fr\/wp-json\/wp\/v2\/media?parent=447613"}],"wp:term":[{"taxonomy":"product_brand","embeddable":true,"href":"https:\/\/preview.script.ch\/fr\/wp-json\/wp\/v2\/product_brand?post=447613"},{"taxonomy":"product_cat","embeddable":true,"href":"https:\/\/preview.script.ch\/fr\/wp-json\/wp\/v2\/product_cat?post=447613"},{"taxonomy":"product_tag","embeddable":true,"href":"https:\/\/preview.script.ch\/fr\/wp-json\/wp\/v2\/product_tag?post=447613"}],"curies":[{"name":"wp","href":"https:\/\/api.w.org\/{rel}","templated":true}]}}