{"id":447254,"date":"2025-11-22T17:02:08","date_gmt":"2025-11-22T16:02:08","guid":{"rendered":"https:\/\/preview.script.ch\/produkt\/multi-bobone-american-5mm\/"},"modified":"2025-11-22T17:02:29","modified_gmt":"2025-11-22T16:02:29","slug":"multi-bobone-american-5mm","status":"publish","type":"product","link":"https:\/\/preview.script.ch\/fr\/produkt\/multi-bobone-american-5mm\/","title":{"rendered":"Multi-bobone AMERICAN 5mm"},"content":{"rendered":"<p>Ruban PR\u00c4SENT America Trend ruban d\u00e9coratif \u00e0 friser, 21 rouleaux sur 6 couleurs assorties, 6 x 5 mm x 10m.<\/p>\n","protected":false},"excerpt":{"rendered":"<p>Ruban PR\u00c4SENT America Trend ruban d\u00e9coratif \u00e0 friser, 21 rouleaux sur 6 couleurs assorties, 6 x 5 mm x 10m.<\/p>\n","protected":false},"featured_media":447252,"template":"","meta":{"_acf_changed":false},"product_brand":[],"product_cat":[53375],"product_tag":[],"class_list":{"0":"post-447254","1":"product","2":"type-product","3":"status-publish","4":"has-post-thumbnail","6":"product_cat-cartes-de-voeux-papiers-cadeaux-rubans-cadeaux-papier-universel-de-bureau","8":"first","9":"onbackorder","10":"taxable","11":"shipping-taxable","12":"purchasable","13":"product-type-simple","14":"add-to-wishlist-before_image"},"acf":[],"_links":{"self":[{"href":"https:\/\/preview.script.ch\/fr\/wp-json\/wp\/v2\/product\/447254","targetHints":{"allow":["GET"]}}],"collection":[{"href":"https:\/\/preview.script.ch\/fr\/wp-json\/wp\/v2\/product"}],"about":[{"href":"https:\/\/preview.script.ch\/fr\/wp-json\/wp\/v2\/types\/product"}],"wp:featuredmedia":[{"embeddable":true,"href":"https:\/\/preview.script.ch\/fr\/wp-json\/wp\/v2\/media\/447252"}],"wp:attachment":[{"href":"https:\/\/preview.script.ch\/fr\/wp-json\/wp\/v2\/media?parent=447254"}],"wp:term":[{"taxonomy":"product_brand","embeddable":true,"href":"https:\/\/preview.script.ch\/fr\/wp-json\/wp\/v2\/product_brand?post=447254"},{"taxonomy":"product_cat","embeddable":true,"href":"https:\/\/preview.script.ch\/fr\/wp-json\/wp\/v2\/product_cat?post=447254"},{"taxonomy":"product_tag","embeddable":true,"href":"https:\/\/preview.script.ch\/fr\/wp-json\/wp\/v2\/product_tag?post=447254"}],"curies":[{"name":"wp","href":"https:\/\/api.w.org\/{rel}","templated":true}]}}