{"id":445549,"date":"2025-11-22T11:11:34","date_gmt":"2025-11-22T10:11:34","guid":{"rendered":"https:\/\/preview.script.ch\/produkt\/plumier-xxl-mermaid-lola\/"},"modified":"2025-11-22T11:11:53","modified_gmt":"2025-11-22T10:11:53","slug":"plumier-xxl-mermaid-lola","status":"publish","type":"product","link":"https:\/\/preview.script.ch\/fr\/produkt\/plumier-xxl-mermaid-lola\/","title":{"rendered":"Plumier XXL Mermaid Lola"},"content":{"rendered":"<p>Plumier STEP BY STEP\u00ae XXL fabriqu\u00e9 \u00e0 100% avec des bouteilles en PET recycl\u00e9es (rPET), enduit 100% sans PFC, d\u00e9perlant, 3 compartiments, fermeture \u00e0 glissi\u00e8re arrondie double curseur, avec 43 pi\u00e8ces de produits de marque, 18 crayons de couleur, 2 crayons graphite, 18 feutres, r\u00e8gle plate, gomme, taille-crayon double, b\u00e2ton de colle et paire de ciseaux. Dimensions: L 200 x H 130 x P 70 mm. Poids: 590 g. Durabilit\u00e9 eco:plus: composant recycl\u00e9, emballage respectueux de l&rsquo;environnement. Certification: bluesign\u00ae. Mermaid Lola<\/p>\n","protected":false},"excerpt":{"rendered":"<p>Plumier STEP BY STEP\u00ae XXL fabriqu\u00e9 \u00e0 100% avec des bouteilles en PET recycl\u00e9es (rPET), enduit 100% sans PFC, d\u00e9perlant, 3 compartiments, fermeture \u00e0 glissi\u00e8re arrondie double curseur, avec 43 pi\u00e8ces de produits de marque, 18 crayons de couleur, 2 crayons graphite, 18 feutres, r\u00e8gle plate, gomme, taille-crayon double, b\u00e2ton de colle et paire de [&hellip;]<\/p>\n","protected":false},"featured_media":445547,"template":"","meta":{"_acf_changed":false},"product_brand":[],"product_cat":[53163],"product_tag":[],"class_list":{"0":"post-445549","1":"product","2":"type-product","3":"status-publish","4":"has-post-thumbnail","6":"product_cat-etui-poche-simple-etuis-pochettes-adhesives-cartes-de-credit-materiel-de-classement-et-darchivage","8":"first","9":"onbackorder","10":"taxable","11":"shipping-taxable","12":"purchasable","13":"product-type-simple","14":"add-to-wishlist-before_image"},"acf":[],"_links":{"self":[{"href":"https:\/\/preview.script.ch\/fr\/wp-json\/wp\/v2\/product\/445549","targetHints":{"allow":["GET"]}}],"collection":[{"href":"https:\/\/preview.script.ch\/fr\/wp-json\/wp\/v2\/product"}],"about":[{"href":"https:\/\/preview.script.ch\/fr\/wp-json\/wp\/v2\/types\/product"}],"wp:featuredmedia":[{"embeddable":true,"href":"https:\/\/preview.script.ch\/fr\/wp-json\/wp\/v2\/media\/445547"}],"wp:attachment":[{"href":"https:\/\/preview.script.ch\/fr\/wp-json\/wp\/v2\/media?parent=445549"}],"wp:term":[{"taxonomy":"product_brand","embeddable":true,"href":"https:\/\/preview.script.ch\/fr\/wp-json\/wp\/v2\/product_brand?post=445549"},{"taxonomy":"product_cat","embeddable":true,"href":"https:\/\/preview.script.ch\/fr\/wp-json\/wp\/v2\/product_cat?post=445549"},{"taxonomy":"product_tag","embeddable":true,"href":"https:\/\/preview.script.ch\/fr\/wp-json\/wp\/v2\/product_tag?post=445549"}],"curies":[{"name":"wp","href":"https:\/\/api.w.org\/{rel}","templated":true}]}}