{"id":444940,"date":"2025-11-22T09:15:39","date_gmt":"2025-11-22T08:15:39","guid":{"rendered":"https:\/\/preview.script.ch\/produkt\/livre-note-spir-fairy-gems\/"},"modified":"2025-11-22T09:16:05","modified_gmt":"2025-11-22T08:16:05","slug":"livre-note-spir-fairy-gems","status":"publish","type":"product","link":"https:\/\/preview.script.ch\/fr\/produkt\/livre-note-spir-fairy-gems\/","title":{"rendered":"Livre note spir. Fairy Gems"},"content":{"rendered":"<p>Livre \u00e0 reliure int\u00e9grale SIGEL JOLIE\u00ae Hardcover sp\u00e9cialement pour Handlettering et Bullet Journaling, couverture imprim\u00e9e, \u00e0 grille de pointill\u00e9s, pochette, avec reliure \u00e0 double spirale. Durabilit\u00e9 eco:plus: recyclable. Certification: FSC. mat papier blanc, 100 g\/m2, 120 pages perfor\u00e9es, format 162 x 215 mm. Fairy Gems<\/p>\n","protected":false},"excerpt":{"rendered":"<p>Livre \u00e0 reliure int\u00e9grale SIGEL JOLIE\u00ae Hardcover sp\u00e9cialement pour Handlettering et Bullet Journaling, couverture imprim\u00e9e, \u00e0 grille de pointill\u00e9s, pochette, avec reliure \u00e0 double spirale. Durabilit\u00e9 eco:plus: recyclable. Certification: FSC. mat papier blanc, 100 g\/m2, 120 pages perfor\u00e9es, format 162 x 215 mm. Fairy Gems<\/p>\n","protected":false},"featured_media":444938,"template":"","meta":{"_acf_changed":false},"product_brand":[],"product_cat":[53180],"product_tag":[],"class_list":{"0":"post-444940","1":"product","2":"type-product","3":"status-publish","4":"has-post-thumbnail","6":"product_cat-cahiers-de-notes-papier-universel-de-bureau","8":"first","9":"onbackorder","10":"taxable","11":"shipping-taxable","12":"purchasable","13":"product-type-simple","14":"add-to-wishlist-before_image"},"acf":[],"_links":{"self":[{"href":"https:\/\/preview.script.ch\/fr\/wp-json\/wp\/v2\/product\/444940","targetHints":{"allow":["GET"]}}],"collection":[{"href":"https:\/\/preview.script.ch\/fr\/wp-json\/wp\/v2\/product"}],"about":[{"href":"https:\/\/preview.script.ch\/fr\/wp-json\/wp\/v2\/types\/product"}],"wp:featuredmedia":[{"embeddable":true,"href":"https:\/\/preview.script.ch\/fr\/wp-json\/wp\/v2\/media\/444938"}],"wp:attachment":[{"href":"https:\/\/preview.script.ch\/fr\/wp-json\/wp\/v2\/media?parent=444940"}],"wp:term":[{"taxonomy":"product_brand","embeddable":true,"href":"https:\/\/preview.script.ch\/fr\/wp-json\/wp\/v2\/product_brand?post=444940"},{"taxonomy":"product_cat","embeddable":true,"href":"https:\/\/preview.script.ch\/fr\/wp-json\/wp\/v2\/product_cat?post=444940"},{"taxonomy":"product_tag","embeddable":true,"href":"https:\/\/preview.script.ch\/fr\/wp-json\/wp\/v2\/product_tag?post=444940"}],"curies":[{"name":"wp","href":"https:\/\/api.w.org\/{rel}","templated":true}]}}