{"id":444872,"date":"2025-11-22T09:02:00","date_gmt":"2025-11-22T08:02:00","guid":{"rendered":"https:\/\/preview.script.ch\/produkt\/ncartes-chri-balls-a6-5-2525\/"},"modified":"2025-11-22T09:02:22","modified_gmt":"2025-11-22T08:02:22","slug":"ncartes-chri-balls-a6-5-2525","status":"publish","type":"product","link":"https:\/\/preview.script.ch\/fr\/produkt\/ncartes-chri-balls-a6-5-2525\/","title":{"rendered":"N&rsquo;Cartes Chri.balls A6\/5 25+25"},"content":{"rendered":"<p>Cartes de No\u00ebl SIGEL en bristol, carton pr\u00e9pli\u00e9, avec enveloppes assorties, format A6. Pour copieurs, imprimantes laser, jet d&rsquo;encre, laser couleur et copieurs couleur. Durabilit\u00e9 eco:plus: recyclable. Motif                    Pi\u00e8ces par EMB  g\/m\u00b2 Graphic Christmas balls  25              250<\/p>\n","protected":false},"excerpt":{"rendered":"<p>Cartes de No\u00ebl SIGEL en bristol, carton pr\u00e9pli\u00e9, avec enveloppes assorties, format A6. Pour copieurs, imprimantes laser, jet d&rsquo;encre, laser couleur et copieurs couleur. Durabilit\u00e9 eco:plus: recyclable. Motif Pi\u00e8ces par EMB g\/m\u00b2 Graphic Christmas balls 25 250<\/p>\n","protected":false},"featured_media":444870,"template":"","meta":{"_acf_changed":false},"product_brand":[],"product_cat":[53184],"product_tag":[],"class_list":{"0":"post-444872","1":"product","2":"type-product","3":"status-publish","4":"has-post-thumbnail","6":"product_cat-papier-design-cartes-papier-universel-de-bureau","8":"first","9":"onbackorder","10":"taxable","11":"shipping-taxable","12":"purchasable","13":"product-type-simple","14":"add-to-wishlist-before_image"},"acf":[],"_links":{"self":[{"href":"https:\/\/preview.script.ch\/fr\/wp-json\/wp\/v2\/product\/444872","targetHints":{"allow":["GET"]}}],"collection":[{"href":"https:\/\/preview.script.ch\/fr\/wp-json\/wp\/v2\/product"}],"about":[{"href":"https:\/\/preview.script.ch\/fr\/wp-json\/wp\/v2\/types\/product"}],"wp:featuredmedia":[{"embeddable":true,"href":"https:\/\/preview.script.ch\/fr\/wp-json\/wp\/v2\/media\/444870"}],"wp:attachment":[{"href":"https:\/\/preview.script.ch\/fr\/wp-json\/wp\/v2\/media?parent=444872"}],"wp:term":[{"taxonomy":"product_brand","embeddable":true,"href":"https:\/\/preview.script.ch\/fr\/wp-json\/wp\/v2\/product_brand?post=444872"},{"taxonomy":"product_cat","embeddable":true,"href":"https:\/\/preview.script.ch\/fr\/wp-json\/wp\/v2\/product_cat?post=444872"},{"taxonomy":"product_tag","embeddable":true,"href":"https:\/\/preview.script.ch\/fr\/wp-json\/wp\/v2\/product_tag?post=444872"}],"curies":[{"name":"wp","href":"https:\/\/api.w.org\/{rel}","templated":true}]}}