{"id":444831,"date":"2025-11-22T08:53:07","date_gmt":"2025-11-22T07:53:07","guid":{"rendered":"https:\/\/preview.script.ch\/produkt\/etui-doppia-pink-violet\/"},"modified":"2025-11-22T08:53:28","modified_gmt":"2025-11-22T07:53:28","slug":"etui-doppia-pink-violet","status":"publish","type":"product","link":"https:\/\/preview.script.ch\/fr\/produkt\/etui-doppia-pink-violet\/","title":{"rendered":"\u00c9tui Doppia pink\/violet"},"content":{"rendered":"<p>Plumier KOLMA Doppia en mat\u00e9riau recycl\u00e9, robuste, fermeture avec bouton-pression, bicolore, convient au mat\u00e9riel d&rsquo;\u00e9criture, aux lunettes, aux cl\u00e9s USB, etc. Dimensions: L197 x H 64 x P 30 mm. rose vif\/violet<\/p>\n","protected":false},"excerpt":{"rendered":"<p>Plumier KOLMA Doppia en mat\u00e9riau recycl\u00e9, robuste, fermeture avec bouton-pression, bicolore, convient au mat\u00e9riel d&rsquo;\u00e9criture, aux lunettes, aux cl\u00e9s USB, etc. Dimensions: L197 x H 64 x P 30 mm. rose vif\/violet<\/p>\n","protected":false},"featured_media":444829,"template":"","meta":{"_acf_changed":false},"product_brand":[],"product_cat":[53163],"product_tag":[],"class_list":{"0":"post-444831","1":"product","2":"type-product","3":"status-publish","4":"has-post-thumbnail","6":"product_cat-etui-poche-simple-etuis-pochettes-adhesives-cartes-de-credit-materiel-de-classement-et-darchivage","8":"first","9":"onbackorder","10":"taxable","11":"shipping-taxable","12":"purchasable","13":"product-type-simple","14":"add-to-wishlist-before_image"},"acf":[],"_links":{"self":[{"href":"https:\/\/preview.script.ch\/fr\/wp-json\/wp\/v2\/product\/444831","targetHints":{"allow":["GET"]}}],"collection":[{"href":"https:\/\/preview.script.ch\/fr\/wp-json\/wp\/v2\/product"}],"about":[{"href":"https:\/\/preview.script.ch\/fr\/wp-json\/wp\/v2\/types\/product"}],"wp:featuredmedia":[{"embeddable":true,"href":"https:\/\/preview.script.ch\/fr\/wp-json\/wp\/v2\/media\/444829"}],"wp:attachment":[{"href":"https:\/\/preview.script.ch\/fr\/wp-json\/wp\/v2\/media?parent=444831"}],"wp:term":[{"taxonomy":"product_brand","embeddable":true,"href":"https:\/\/preview.script.ch\/fr\/wp-json\/wp\/v2\/product_brand?post=444831"},{"taxonomy":"product_cat","embeddable":true,"href":"https:\/\/preview.script.ch\/fr\/wp-json\/wp\/v2\/product_cat?post=444831"},{"taxonomy":"product_tag","embeddable":true,"href":"https:\/\/preview.script.ch\/fr\/wp-json\/wp\/v2\/product_tag?post=444831"}],"curies":[{"name":"wp","href":"https:\/\/api.w.org\/{rel}","templated":true}]}}