{"id":442995,"date":"2025-11-22T02:27:03","date_gmt":"2025-11-22T01:27:03","guid":{"rendered":"https:\/\/preview.script.ch\/produkt\/nruban-cadeau-blanc-or\/"},"modified":"2025-11-22T02:27:25","modified_gmt":"2025-11-22T01:27:25","slug":"nruban-cadeau-blanc-or","status":"publish","type":"product","link":"https:\/\/preview.script.ch\/fr\/produkt\/nruban-cadeau-blanc-or\/","title":{"rendered":"N&rsquo;Ruban cadeau blanc\/or"},"content":{"rendered":"<p>Ruban GOLDINA blanc\/or couleurs assorties, 12 cordonnet 3 mm x 3 m, 6 rouleaux 15 mm x 3,5 m, 30 rouleaux 25 mm x 3 m et 6 rouleaux 40 mm x 2 m. Durabilit\u00e9 eco:plus: \u00e9nergie r\u00e9cup\u00e9r\u00e9e, recyclable, composant recycl\u00e9, r\u00e9duction des d\u00e9chets.<\/p>\n","protected":false},"excerpt":{"rendered":"<p>Ruban GOLDINA blanc\/or couleurs assorties, 12 cordonnet 3 mm x 3 m, 6 rouleaux 15 mm x 3,5 m, 30 rouleaux 25 mm x 3 m et 6 rouleaux 40 mm x 2 m. Durabilit\u00e9 eco:plus: \u00e9nergie r\u00e9cup\u00e9r\u00e9e, recyclable, composant recycl\u00e9, r\u00e9duction des d\u00e9chets.<\/p>\n","protected":false},"featured_media":442993,"template":"","meta":{"_acf_changed":false},"product_brand":[],"product_cat":[53375],"product_tag":[],"class_list":{"0":"post-442995","1":"product","2":"type-product","3":"status-publish","4":"has-post-thumbnail","6":"product_cat-cartes-de-voeux-papiers-cadeaux-rubans-cadeaux-papier-universel-de-bureau","8":"first","9":"onbackorder","10":"taxable","11":"shipping-taxable","12":"purchasable","13":"product-type-simple","14":"add-to-wishlist-before_image"},"acf":[],"_links":{"self":[{"href":"https:\/\/preview.script.ch\/fr\/wp-json\/wp\/v2\/product\/442995","targetHints":{"allow":["GET"]}}],"collection":[{"href":"https:\/\/preview.script.ch\/fr\/wp-json\/wp\/v2\/product"}],"about":[{"href":"https:\/\/preview.script.ch\/fr\/wp-json\/wp\/v2\/types\/product"}],"wp:featuredmedia":[{"embeddable":true,"href":"https:\/\/preview.script.ch\/fr\/wp-json\/wp\/v2\/media\/442993"}],"wp:attachment":[{"href":"https:\/\/preview.script.ch\/fr\/wp-json\/wp\/v2\/media?parent=442995"}],"wp:term":[{"taxonomy":"product_brand","embeddable":true,"href":"https:\/\/preview.script.ch\/fr\/wp-json\/wp\/v2\/product_brand?post=442995"},{"taxonomy":"product_cat","embeddable":true,"href":"https:\/\/preview.script.ch\/fr\/wp-json\/wp\/v2\/product_cat?post=442995"},{"taxonomy":"product_tag","embeddable":true,"href":"https:\/\/preview.script.ch\/fr\/wp-json\/wp\/v2\/product_tag?post=442995"}],"curies":[{"name":"wp","href":"https:\/\/api.w.org\/{rel}","templated":true}]}}