{"id":442488,"date":"2025-11-22T00:44:10","date_gmt":"2025-11-21T23:44:10","guid":{"rendered":"https:\/\/preview.script.ch\/produkt\/etui-pour-cartes-cred-grain10\/"},"modified":"2025-11-22T00:44:31","modified_gmt":"2025-11-21T23:44:31","slug":"etui-pour-cartes-cred-grain10","status":"publish","type":"product","link":"https:\/\/preview.script.ch\/fr\/produkt\/etui-pour-cartes-cred-grain10\/","title":{"rendered":"Etui pour cartes cr\u00e9d.grain10"},"content":{"rendered":"<p>Etui pour cartes de cr\u00e9dit DUFCO mati\u00e8re grain\u00e9e, antireflet 55 x 86 mm  10 pi\u00e8ces<\/p>\n","protected":false},"excerpt":{"rendered":"<p>Etui pour cartes de cr\u00e9dit DUFCO mati\u00e8re grain\u00e9e, antireflet 55 x 86 mm 10 pi\u00e8ces<\/p>\n","protected":false},"featured_media":442486,"template":"","meta":{"_acf_changed":false},"product_brand":[],"product_cat":[53163],"product_tag":[],"class_list":{"0":"post-442488","1":"product","2":"type-product","3":"status-publish","4":"has-post-thumbnail","6":"product_cat-etui-poche-simple-etuis-pochettes-adhesives-cartes-de-credit-materiel-de-classement-et-darchivage","8":"first","9":"onbackorder","10":"taxable","11":"shipping-taxable","12":"purchasable","13":"product-type-simple","14":"add-to-wishlist-before_image"},"acf":[],"_links":{"self":[{"href":"https:\/\/preview.script.ch\/fr\/wp-json\/wp\/v2\/product\/442488","targetHints":{"allow":["GET"]}}],"collection":[{"href":"https:\/\/preview.script.ch\/fr\/wp-json\/wp\/v2\/product"}],"about":[{"href":"https:\/\/preview.script.ch\/fr\/wp-json\/wp\/v2\/types\/product"}],"wp:featuredmedia":[{"embeddable":true,"href":"https:\/\/preview.script.ch\/fr\/wp-json\/wp\/v2\/media\/442486"}],"wp:attachment":[{"href":"https:\/\/preview.script.ch\/fr\/wp-json\/wp\/v2\/media?parent=442488"}],"wp:term":[{"taxonomy":"product_brand","embeddable":true,"href":"https:\/\/preview.script.ch\/fr\/wp-json\/wp\/v2\/product_brand?post=442488"},{"taxonomy":"product_cat","embeddable":true,"href":"https:\/\/preview.script.ch\/fr\/wp-json\/wp\/v2\/product_cat?post=442488"},{"taxonomy":"product_tag","embeddable":true,"href":"https:\/\/preview.script.ch\/fr\/wp-json\/wp\/v2\/product_tag?post=442488"}],"curies":[{"name":"wp","href":"https:\/\/api.w.org\/{rel}","templated":true}]}}