{"id":442480,"date":"2025-11-22T00:42:42","date_gmt":"2025-11-21T23:42:42","guid":{"rendered":"https:\/\/preview.script.ch\/produkt\/etui-a7-transparent-10pcs\/"},"modified":"2025-11-22T00:43:02","modified_gmt":"2025-11-21T23:43:02","slug":"etui-a7-transparent-10pcs","status":"publish","type":"product","link":"https:\/\/preview.script.ch\/fr\/produkt\/etui-a7-transparent-10pcs\/","title":{"rendered":"Etui A7 transparent 10pcs."},"content":{"rendered":"<p>Etui DUFCO fourre simple en PVC transparent extra-r\u00e9sistant, 180 microns, introduction facilit\u00e9e sur le c\u00f4t\u00e9 \u00e9troit gr\u00e2ce \u00e0 un l\u00e9ger retrait de la face avant. A7  74 x 105 mm  10 pi\u00e8ces<\/p>\n","protected":false},"excerpt":{"rendered":"<p>Etui DUFCO fourre simple en PVC transparent extra-r\u00e9sistant, 180 microns, introduction facilit\u00e9e sur le c\u00f4t\u00e9 \u00e9troit gr\u00e2ce \u00e0 un l\u00e9ger retrait de la face avant. A7 74 x 105 mm 10 pi\u00e8ces<\/p>\n","protected":false},"featured_media":442478,"template":"","meta":{"_acf_changed":false},"product_brand":[],"product_cat":[53163],"product_tag":[],"class_list":{"0":"post-442480","1":"product","2":"type-product","3":"status-publish","4":"has-post-thumbnail","6":"product_cat-etui-poche-simple-etuis-pochettes-adhesives-cartes-de-credit-materiel-de-classement-et-darchivage","8":"first","9":"instock","10":"taxable","11":"shipping-taxable","12":"purchasable","13":"product-type-simple","14":"add-to-wishlist-before_image"},"acf":[],"_links":{"self":[{"href":"https:\/\/preview.script.ch\/fr\/wp-json\/wp\/v2\/product\/442480","targetHints":{"allow":["GET"]}}],"collection":[{"href":"https:\/\/preview.script.ch\/fr\/wp-json\/wp\/v2\/product"}],"about":[{"href":"https:\/\/preview.script.ch\/fr\/wp-json\/wp\/v2\/types\/product"}],"wp:featuredmedia":[{"embeddable":true,"href":"https:\/\/preview.script.ch\/fr\/wp-json\/wp\/v2\/media\/442478"}],"wp:attachment":[{"href":"https:\/\/preview.script.ch\/fr\/wp-json\/wp\/v2\/media?parent=442480"}],"wp:term":[{"taxonomy":"product_brand","embeddable":true,"href":"https:\/\/preview.script.ch\/fr\/wp-json\/wp\/v2\/product_brand?post=442480"},{"taxonomy":"product_cat","embeddable":true,"href":"https:\/\/preview.script.ch\/fr\/wp-json\/wp\/v2\/product_cat?post=442480"},{"taxonomy":"product_tag","embeddable":true,"href":"https:\/\/preview.script.ch\/fr\/wp-json\/wp\/v2\/product_tag?post=442480"}],"curies":[{"name":"wp","href":"https:\/\/api.w.org\/{rel}","templated":true}]}}