{"id":439408,"date":"2025-11-21T14:45:24","date_gmt":"2025-11-21T13:45:24","guid":{"rendered":"https:\/\/preview.script.ch\/produkt\/marqueurs-flipch-set-30-33-e-7\/"},"modified":"2025-11-21T14:45:43","modified_gmt":"2025-11-21T13:45:43","slug":"marqueurs-flipch-set-30-33-e-7","status":"publish","type":"product","link":"https:\/\/preview.script.ch\/fr\/produkt\/marqueurs-flipch-set-30-33-e-7\/","title":{"rendered":"Marqueurs flipch.set 30\/33 E-7"},"content":{"rendered":"<p>Marqueurs Brilliant Paper kit EDDING\u00ae 30\/33 colorful avec clip, encre pigment\u00e9e \u00e0 base d&rsquo;eau et d&rsquo;odeur neutre, r\u00e9siste \u00e0 la lumi\u00e8re, \u00e0 l&rsquo;eau et \u00e0 l&rsquo;abrasion, ne traverse pas le papier, rechargeable. Blister avec 6 x EDDING\u00ae 30 Brilliant Paper Marker dans les couleurs noir, jaune, orange, vert et bleu, avec pointe ogive 1,5 &#8211; 3 mm und 1 x EDDING\u00ae 33 Brilliant Paper Marker noir, avec pointe biseaut\u00e9e 1 &#8211; 5 mm.<\/p>\n","protected":false},"excerpt":{"rendered":"<p>Marqueurs Brilliant Paper kit EDDING\u00ae 30\/33 colorful avec clip, encre pigment\u00e9e \u00e0 base d&rsquo;eau et d&rsquo;odeur neutre, r\u00e9siste \u00e0 la lumi\u00e8re, \u00e0 l&rsquo;eau et \u00e0 l&rsquo;abrasion, ne traverse pas le papier, rechargeable. Blister avec 6 x EDDING\u00ae 30 Brilliant Paper Marker dans les couleurs noir, jaune, orange, vert et bleu, avec pointe ogive 1,5 &#8211; [&hellip;]<\/p>\n","protected":false},"featured_media":439406,"template":"","meta":{"_acf_changed":false},"product_brand":[],"product_cat":[53287],"product_tag":[],"class_list":{"0":"post-439408","1":"product","2":"type-product","3":"status-publish","4":"has-post-thumbnail","6":"product_cat-marqueurs-flipchart-presenter","8":"first","9":"onbackorder","10":"taxable","11":"shipping-taxable","12":"purchasable","13":"product-type-simple","14":"add-to-wishlist-before_image"},"acf":[],"_links":{"self":[{"href":"https:\/\/preview.script.ch\/fr\/wp-json\/wp\/v2\/product\/439408","targetHints":{"allow":["GET"]}}],"collection":[{"href":"https:\/\/preview.script.ch\/fr\/wp-json\/wp\/v2\/product"}],"about":[{"href":"https:\/\/preview.script.ch\/fr\/wp-json\/wp\/v2\/types\/product"}],"wp:featuredmedia":[{"embeddable":true,"href":"https:\/\/preview.script.ch\/fr\/wp-json\/wp\/v2\/media\/439406"}],"wp:attachment":[{"href":"https:\/\/preview.script.ch\/fr\/wp-json\/wp\/v2\/media?parent=439408"}],"wp:term":[{"taxonomy":"product_brand","embeddable":true,"href":"https:\/\/preview.script.ch\/fr\/wp-json\/wp\/v2\/product_brand?post=439408"},{"taxonomy":"product_cat","embeddable":true,"href":"https:\/\/preview.script.ch\/fr\/wp-json\/wp\/v2\/product_cat?post=439408"},{"taxonomy":"product_tag","embeddable":true,"href":"https:\/\/preview.script.ch\/fr\/wp-json\/wp\/v2\/product_tag?post=439408"}],"curies":[{"name":"wp","href":"https:\/\/api.w.org\/{rel}","templated":true}]}}