{"id":437866,"date":"2025-11-21T09:55:34","date_gmt":"2025-11-21T08:55:34","guid":{"rendered":"https:\/\/preview.script.ch\/produkt\/sachet-aromatique-noir-mat-2\/"},"modified":"2025-11-21T09:55:55","modified_gmt":"2025-11-21T08:55:55","slug":"sachet-aromatique-noir-mat-2","status":"publish","type":"product","link":"https:\/\/preview.script.ch\/fr\/produkt\/sachet-aromatique-noir-mat-2\/","title":{"rendered":"Sachet aromatique noir mat"},"content":{"rendered":"<p>Sachet aromatique ELCO en papier (face ext\u00e9rieure), rev\u00eatement plastifi\u00e9 (face int\u00e9rieure), surface mate, avec valve, conserve la fra\u00eecheur et l&rsquo;ar\u00f4me des aliments, fermeture \u00e0 glissi\u00e8re, refermable, fermeture herm\u00e9tique avec pince \u00e0 sceller, sans aluminium, fond stable, avec encoches d\u00e9chirables, convient au contact alimentaire. Bo\u00eete de 100 pi\u00e8ces. 210 x 270 mm, remplissage 500 g noir<\/p>\n","protected":false},"excerpt":{"rendered":"<p>Sachet aromatique ELCO en papier (face ext\u00e9rieure), rev\u00eatement plastifi\u00e9 (face int\u00e9rieure), surface mate, avec valve, conserve la fra\u00eecheur et l&rsquo;ar\u00f4me des aliments, fermeture \u00e0 glissi\u00e8re, refermable, fermeture herm\u00e9tique avec pince \u00e0 sceller, sans aluminium, fond stable, avec encoches d\u00e9chirables, convient au contact alimentaire. Bo\u00eete de 100 pi\u00e8ces. 210 x 270 mm, remplissage 500 g noir<\/p>\n","protected":false},"featured_media":437864,"template":"","meta":{"_acf_changed":false},"product_brand":[],"product_cat":[53375],"product_tag":[],"class_list":{"0":"post-437866","1":"product","2":"type-product","3":"status-publish","4":"has-post-thumbnail","6":"product_cat-cartes-de-voeux-papiers-cadeaux-rubans-cadeaux-papier-universel-de-bureau","8":"first","9":"onbackorder","10":"taxable","11":"shipping-taxable","12":"purchasable","13":"product-type-simple","14":"add-to-wishlist-before_image"},"acf":[],"_links":{"self":[{"href":"https:\/\/preview.script.ch\/fr\/wp-json\/wp\/v2\/product\/437866","targetHints":{"allow":["GET"]}}],"collection":[{"href":"https:\/\/preview.script.ch\/fr\/wp-json\/wp\/v2\/product"}],"about":[{"href":"https:\/\/preview.script.ch\/fr\/wp-json\/wp\/v2\/types\/product"}],"wp:featuredmedia":[{"embeddable":true,"href":"https:\/\/preview.script.ch\/fr\/wp-json\/wp\/v2\/media\/437864"}],"wp:attachment":[{"href":"https:\/\/preview.script.ch\/fr\/wp-json\/wp\/v2\/media?parent=437866"}],"wp:term":[{"taxonomy":"product_brand","embeddable":true,"href":"https:\/\/preview.script.ch\/fr\/wp-json\/wp\/v2\/product_brand?post=437866"},{"taxonomy":"product_cat","embeddable":true,"href":"https:\/\/preview.script.ch\/fr\/wp-json\/wp\/v2\/product_cat?post=437866"},{"taxonomy":"product_tag","embeddable":true,"href":"https:\/\/preview.script.ch\/fr\/wp-json\/wp\/v2\/product_tag?post=437866"}],"curies":[{"name":"wp","href":"https:\/\/api.w.org\/{rel}","templated":true}]}}