{"id":437850,"date":"2025-11-21T09:52:38","date_gmt":"2025-11-21T08:52:38","guid":{"rendered":"https:\/\/preview.script.ch\/produkt\/sachet-aromatique-brun-kraft-2\/"},"modified":"2025-11-21T09:52:58","modified_gmt":"2025-11-21T08:52:58","slug":"sachet-aromatique-brun-kraft-2","status":"publish","type":"product","link":"https:\/\/preview.script.ch\/fr\/produkt\/sachet-aromatique-brun-kraft-2\/","title":{"rendered":"Sachet aromatique brun kraft"},"content":{"rendered":"<p>Sachet \u00e0 fond plat ELCO kraft en papier kraft (face ext\u00e9rieure), rev\u00eatement plastifi\u00e9 (face int\u00e9rieure), sans valve, fermeture \u00e0 glissi\u00e8re, refermable, sans aluminium, fond stable, avec encoches d\u00e9chirables, convient au contact alimentaire. Bo\u00eete de 100 pi\u00e8ces. 210 x 270 mm, remplissage 500 g brun<\/p>\n","protected":false},"excerpt":{"rendered":"<p>Sachet \u00e0 fond plat ELCO kraft en papier kraft (face ext\u00e9rieure), rev\u00eatement plastifi\u00e9 (face int\u00e9rieure), sans valve, fermeture \u00e0 glissi\u00e8re, refermable, sans aluminium, fond stable, avec encoches d\u00e9chirables, convient au contact alimentaire. Bo\u00eete de 100 pi\u00e8ces. 210 x 270 mm, remplissage 500 g brun<\/p>\n","protected":false},"featured_media":437848,"template":"","meta":{"_acf_changed":false},"product_brand":[],"product_cat":[53375],"product_tag":[],"class_list":{"0":"post-437850","1":"product","2":"type-product","3":"status-publish","4":"has-post-thumbnail","6":"product_cat-cartes-de-voeux-papiers-cadeaux-rubans-cadeaux-papier-universel-de-bureau","8":"first","9":"onbackorder","10":"taxable","11":"shipping-taxable","12":"purchasable","13":"product-type-simple","14":"add-to-wishlist-before_image"},"acf":[],"_links":{"self":[{"href":"https:\/\/preview.script.ch\/fr\/wp-json\/wp\/v2\/product\/437850","targetHints":{"allow":["GET"]}}],"collection":[{"href":"https:\/\/preview.script.ch\/fr\/wp-json\/wp\/v2\/product"}],"about":[{"href":"https:\/\/preview.script.ch\/fr\/wp-json\/wp\/v2\/types\/product"}],"wp:featuredmedia":[{"embeddable":true,"href":"https:\/\/preview.script.ch\/fr\/wp-json\/wp\/v2\/media\/437848"}],"wp:attachment":[{"href":"https:\/\/preview.script.ch\/fr\/wp-json\/wp\/v2\/media?parent=437850"}],"wp:term":[{"taxonomy":"product_brand","embeddable":true,"href":"https:\/\/preview.script.ch\/fr\/wp-json\/wp\/v2\/product_brand?post=437850"},{"taxonomy":"product_cat","embeddable":true,"href":"https:\/\/preview.script.ch\/fr\/wp-json\/wp\/v2\/product_cat?post=437850"},{"taxonomy":"product_tag","embeddable":true,"href":"https:\/\/preview.script.ch\/fr\/wp-json\/wp\/v2\/product_tag?post=437850"}],"curies":[{"name":"wp","href":"https:\/\/api.w.org\/{rel}","templated":true}]}}