{"id":437721,"date":"2025-11-21T09:33:08","date_gmt":"2025-11-21T08:33:08","guid":{"rendered":"https:\/\/preview.script.ch\/produkt\/carton-dexpedition-b5-blanc\/"},"modified":"2025-11-21T09:33:29","modified_gmt":"2025-11-21T08:33:29","slug":"carton-dexpedition-b5-blanc","status":"publish","type":"product","link":"https:\/\/preview.script.ch\/fr\/produkt\/carton-dexpedition-b5-blanc\/","title":{"rendered":"Carton d&rsquo;exp\u00e9dition B5 blanc"},"content":{"rendered":"<p>Carton d&rsquo;exp\u00e9dition ELCO en carton ondul\u00e9, avec fermeture par pattes rentrantes assurant un transport s\u00fbr. Format mm     Pour contenu mm 174 x 245 20  172 x 243 x 16<\/p>\n","protected":false},"excerpt":{"rendered":"<p>Carton d&rsquo;exp\u00e9dition ELCO en carton ondul\u00e9, avec fermeture par pattes rentrantes assurant un transport s\u00fbr. Format mm Pour contenu mm 174 x 245 20 172 x 243 x 16<\/p>\n","protected":false},"featured_media":437719,"template":"","meta":{"_acf_changed":false},"product_brand":[],"product_cat":[53174],"product_tag":[],"class_list":{"0":"post-437721","1":"product","2":"type-product","3":"status-publish","4":"has-post-thumbnail","6":"product_cat-poches-dexpedition-tube-a-plans-etiquettes-de-paquets-papier-universel-de-bureau","8":"first","9":"onbackorder","10":"taxable","11":"shipping-taxable","12":"purchasable","13":"product-type-simple","14":"add-to-wishlist-before_image"},"acf":[],"_links":{"self":[{"href":"https:\/\/preview.script.ch\/fr\/wp-json\/wp\/v2\/product\/437721","targetHints":{"allow":["GET"]}}],"collection":[{"href":"https:\/\/preview.script.ch\/fr\/wp-json\/wp\/v2\/product"}],"about":[{"href":"https:\/\/preview.script.ch\/fr\/wp-json\/wp\/v2\/types\/product"}],"wp:featuredmedia":[{"embeddable":true,"href":"https:\/\/preview.script.ch\/fr\/wp-json\/wp\/v2\/media\/437719"}],"wp:attachment":[{"href":"https:\/\/preview.script.ch\/fr\/wp-json\/wp\/v2\/media?parent=437721"}],"wp:term":[{"taxonomy":"product_brand","embeddable":true,"href":"https:\/\/preview.script.ch\/fr\/wp-json\/wp\/v2\/product_brand?post=437721"},{"taxonomy":"product_cat","embeddable":true,"href":"https:\/\/preview.script.ch\/fr\/wp-json\/wp\/v2\/product_cat?post=437721"},{"taxonomy":"product_tag","embeddable":true,"href":"https:\/\/preview.script.ch\/fr\/wp-json\/wp\/v2\/product_tag?post=437721"}],"curies":[{"name":"wp","href":"https:\/\/api.w.org\/{rel}","templated":true}]}}