{"id":437473,"date":"2025-11-21T08:50:31","date_gmt":"2025-11-21T07:50:31","guid":{"rendered":"https:\/\/preview.script.ch\/produkt\/bull-versement-qr-code-rec\/"},"modified":"2025-11-21T08:50:50","modified_gmt":"2025-11-21T07:50:50","slug":"bull-versement-qr-code-rec","status":"publish","type":"product","link":"https:\/\/preview.script.ch\/fr\/produkt\/bull-versement-qr-code-rec\/","title":{"rendered":"Bull.versement QR-Code rec."},"content":{"rendered":"<p>Formulaires de factures pour factures QR DATAFORM Premium papier recycl\u00e9 section paiement s\u00e9par\u00e9e avec r\u00e9c\u00e9piss\u00e9, perfor\u00e9s,  80 g\/m2, gris clair, impression des factures facilit\u00e9e. Pour copieurs, imprimantes laser, jet d&rsquo;encre, laser couleur et copieurs couleur, format A4. Emballage de 500 feuilles. 1 section paiement  Pied<\/p>\n","protected":false},"excerpt":{"rendered":"<p>Formulaires de factures pour factures QR DATAFORM Premium papier recycl\u00e9 section paiement s\u00e9par\u00e9e avec r\u00e9c\u00e9piss\u00e9, perfor\u00e9s, 80 g\/m2, gris clair, impression des factures facilit\u00e9e. Pour copieurs, imprimantes laser, jet d&rsquo;encre, laser couleur et copieurs couleur, format A4. Emballage de 500 feuilles. 1 section paiement Pied<\/p>\n","protected":false},"featured_media":437471,"template":"","meta":{"_acf_changed":false},"product_brand":[],"product_cat":[53187],"product_tag":[],"class_list":{"0":"post-437473","1":"product","2":"type-product","3":"status-publish","4":"has-post-thumbnail","6":"product_cat-formulaires-de-factures-bulletin-de-versement-qr-papier-universel-de-bureau","8":"first","9":"onbackorder","10":"taxable","11":"shipping-taxable","12":"purchasable","13":"product-type-simple","14":"add-to-wishlist-before_image"},"acf":[],"_links":{"self":[{"href":"https:\/\/preview.script.ch\/fr\/wp-json\/wp\/v2\/product\/437473","targetHints":{"allow":["GET"]}}],"collection":[{"href":"https:\/\/preview.script.ch\/fr\/wp-json\/wp\/v2\/product"}],"about":[{"href":"https:\/\/preview.script.ch\/fr\/wp-json\/wp\/v2\/types\/product"}],"wp:featuredmedia":[{"embeddable":true,"href":"https:\/\/preview.script.ch\/fr\/wp-json\/wp\/v2\/media\/437471"}],"wp:attachment":[{"href":"https:\/\/preview.script.ch\/fr\/wp-json\/wp\/v2\/media?parent=437473"}],"wp:term":[{"taxonomy":"product_brand","embeddable":true,"href":"https:\/\/preview.script.ch\/fr\/wp-json\/wp\/v2\/product_brand?post=437473"},{"taxonomy":"product_cat","embeddable":true,"href":"https:\/\/preview.script.ch\/fr\/wp-json\/wp\/v2\/product_cat?post=437473"},{"taxonomy":"product_tag","embeddable":true,"href":"https:\/\/preview.script.ch\/fr\/wp-json\/wp\/v2\/product_tag?post=437473"}],"curies":[{"name":"wp","href":"https:\/\/api.w.org\/{rel}","templated":true}]}}