{"id":436464,"date":"2025-11-21T06:12:25","date_gmt":"2025-11-21T05:12:25","guid":{"rendered":"https:\/\/preview.script.ch\/produkt\/rub-cadeau-birthday-10mm-blanc\/"},"modified":"2025-11-21T06:12:43","modified_gmt":"2025-11-21T05:12:43","slug":"rub-cadeau-birthday-10mm-blanc","status":"publish","type":"product","link":"https:\/\/preview.script.ch\/fr\/produkt\/rub-cadeau-birthday-10mm-blanc\/","title":{"rendered":"Rub.cadeau BIRTHDAY 10mm blanc"},"content":{"rendered":"<p>Ruban PR\u00c4SENT Happy Birthday bobine fabriqu\u00e9 \u00e0 100% \u00e0 partir de mat\u00e9riaux recycl\u00e9s, ruban d\u00e9coratif \u00e0 friser, bobine 10 mm x 100 m. blanc<\/p>\n","protected":false},"excerpt":{"rendered":"<p>Ruban PR\u00c4SENT Happy Birthday bobine fabriqu\u00e9 \u00e0 100% \u00e0 partir de mat\u00e9riaux recycl\u00e9s, ruban d\u00e9coratif \u00e0 friser, bobine 10 mm x 100 m. blanc<\/p>\n","protected":false},"featured_media":436462,"template":"","meta":{"_acf_changed":false},"product_brand":[],"product_cat":[53375],"product_tag":[],"class_list":{"0":"post-436464","1":"product","2":"type-product","3":"status-publish","4":"has-post-thumbnail","6":"product_cat-cartes-de-voeux-papiers-cadeaux-rubans-cadeaux-papier-universel-de-bureau","8":"first","9":"onbackorder","10":"taxable","11":"shipping-taxable","12":"purchasable","13":"product-type-simple","14":"add-to-wishlist-before_image"},"acf":[],"_links":{"self":[{"href":"https:\/\/preview.script.ch\/fr\/wp-json\/wp\/v2\/product\/436464","targetHints":{"allow":["GET"]}}],"collection":[{"href":"https:\/\/preview.script.ch\/fr\/wp-json\/wp\/v2\/product"}],"about":[{"href":"https:\/\/preview.script.ch\/fr\/wp-json\/wp\/v2\/types\/product"}],"wp:featuredmedia":[{"embeddable":true,"href":"https:\/\/preview.script.ch\/fr\/wp-json\/wp\/v2\/media\/436462"}],"wp:attachment":[{"href":"https:\/\/preview.script.ch\/fr\/wp-json\/wp\/v2\/media?parent=436464"}],"wp:term":[{"taxonomy":"product_brand","embeddable":true,"href":"https:\/\/preview.script.ch\/fr\/wp-json\/wp\/v2\/product_brand?post=436464"},{"taxonomy":"product_cat","embeddable":true,"href":"https:\/\/preview.script.ch\/fr\/wp-json\/wp\/v2\/product_cat?post=436464"},{"taxonomy":"product_tag","embeddable":true,"href":"https:\/\/preview.script.ch\/fr\/wp-json\/wp\/v2\/product_tag?post=436464"}],"curies":[{"name":"wp","href":"https:\/\/api.w.org\/{rel}","templated":true}]}}