{"id":435956,"date":"2025-11-21T04:41:24","date_gmt":"2025-11-21T03:41:24","guid":{"rendered":"https:\/\/preview.script.ch\/produkt\/etui-scolaire-xxl-horse-lima\/"},"modified":"2025-11-21T04:41:43","modified_gmt":"2025-11-21T03:41:43","slug":"etui-scolaire-xxl-horse-lima","status":"publish","type":"product","link":"https:\/\/preview.script.ch\/fr\/produkt\/etui-scolaire-xxl-horse-lima\/","title":{"rendered":"Etui scolaire XXL Horse Lima"},"content":{"rendered":"<p>Plumier STEP BY STEP\u00ae XXL en PES, enduit 100% sans PFC, 3 compartiments, fermeture \u00e0 glissi\u00e8re arrondie double curseur, avec 43 pi\u00e8ces de produits de marque, 18 crayons de couleur, 2 crayons graphite, 18 feutres, r\u00e8gle plate, gomme, taille-crayon double, b\u00e2ton de colle et paire de ciseaux. Dimensions: L 200 x H 130 x P 70 mm. Poids: 590 g. Durabilit\u00e9 eco:plus: composant recycl\u00e9, emballage respectueux de l&rsquo;environnement. Certification: bluesign. Horse Lima<\/p>\n","protected":false},"excerpt":{"rendered":"<p>Plumier STEP BY STEP\u00ae XXL en PES, enduit 100% sans PFC, 3 compartiments, fermeture \u00e0 glissi\u00e8re arrondie double curseur, avec 43 pi\u00e8ces de produits de marque, 18 crayons de couleur, 2 crayons graphite, 18 feutres, r\u00e8gle plate, gomme, taille-crayon double, b\u00e2ton de colle et paire de ciseaux. Dimensions: L 200 x H 130 x P [&hellip;]<\/p>\n","protected":false},"featured_media":435954,"template":"","meta":{"_acf_changed":false},"product_brand":[],"product_cat":[53163],"product_tag":[],"class_list":{"0":"post-435956","1":"product","2":"type-product","3":"status-publish","4":"has-post-thumbnail","6":"product_cat-etui-poche-simple-etuis-pochettes-adhesives-cartes-de-credit-materiel-de-classement-et-darchivage","8":"first","9":"onbackorder","10":"taxable","11":"shipping-taxable","12":"purchasable","13":"product-type-simple","14":"add-to-wishlist-before_image"},"acf":[],"_links":{"self":[{"href":"https:\/\/preview.script.ch\/fr\/wp-json\/wp\/v2\/product\/435956","targetHints":{"allow":["GET"]}}],"collection":[{"href":"https:\/\/preview.script.ch\/fr\/wp-json\/wp\/v2\/product"}],"about":[{"href":"https:\/\/preview.script.ch\/fr\/wp-json\/wp\/v2\/types\/product"}],"wp:featuredmedia":[{"embeddable":true,"href":"https:\/\/preview.script.ch\/fr\/wp-json\/wp\/v2\/media\/435954"}],"wp:attachment":[{"href":"https:\/\/preview.script.ch\/fr\/wp-json\/wp\/v2\/media?parent=435956"}],"wp:term":[{"taxonomy":"product_brand","embeddable":true,"href":"https:\/\/preview.script.ch\/fr\/wp-json\/wp\/v2\/product_brand?post=435956"},{"taxonomy":"product_cat","embeddable":true,"href":"https:\/\/preview.script.ch\/fr\/wp-json\/wp\/v2\/product_cat?post=435956"},{"taxonomy":"product_tag","embeddable":true,"href":"https:\/\/preview.script.ch\/fr\/wp-json\/wp\/v2\/product_tag?post=435956"}],"curies":[{"name":"wp","href":"https:\/\/api.w.org\/{rel}","templated":true}]}}