{"id":435196,"date":"2025-11-21T02:26:32","date_gmt":"2025-11-21T01:26:32","guid":{"rendered":"https:\/\/preview.script.ch\/produkt\/porte-noms-av-magnete-40x75mm\/"},"modified":"2025-11-21T02:26:50","modified_gmt":"2025-11-21T01:26:50","slug":"porte-noms-av-magnete-40x75mm","status":"publish","type":"product","link":"https:\/\/preview.script.ch\/fr\/produkt\/porte-noms-av-magnete-40x75mm\/","title":{"rendered":"Porte-noms av.magn\u00e9te 40x75mm"},"content":{"rendered":"<p>Badge en plastique rigide DURABLE avec aimant anti-rotation avec fixation magn\u00e9tique sp\u00e9ciale: emp\u00eache la torsion, le glissement ou le d\u00e9tachement lors du port, grand confort de port et bonne lisibilit\u00e9, convient particuli\u00e8rement pour \u00e9quiper les personnes qui se d\u00e9placent beaucoup, p. ex. lors de conf\u00e9rences et de grandes manifestations, en plastique rigide transparent, languette d&rsquo;insertion, avec \u00e9tiquette interchangeable en bristol blanc, double aimant pour une fixation m\u00e9nageant le mat\u00e9riel, inscription facile et personnalisable gratuitement \u00e0 l&rsquo;aide des mod\u00e8les t\u00e9l\u00e9chargeables sur www.duraprint.fr. Attention: les aimants des badges peuvent \u00eatre incompatibles avec les stimulateurs cardiaques. Emballage de 25 pi\u00e8ces. 75 x 40 mm<\/p>\n","protected":false},"excerpt":{"rendered":"<p>Badge en plastique rigide DURABLE avec aimant anti-rotation avec fixation magn\u00e9tique sp\u00e9ciale: emp\u00eache la torsion, le glissement ou le d\u00e9tachement lors du port, grand confort de port et bonne lisibilit\u00e9, convient particuli\u00e8rement pour \u00e9quiper les personnes qui se d\u00e9placent beaucoup, p. ex. lors de conf\u00e9rences et de grandes manifestations, en plastique rigide transparent, languette d&rsquo;insertion, [&hellip;]<\/p>\n","protected":false},"featured_media":435194,"template":"","meta":{"_acf_changed":false},"product_brand":[],"product_cat":[53292],"product_tag":[],"class_list":{"0":"post-435196","1":"product","2":"type-product","3":"status-publish","4":"has-post-thumbnail","6":"product_cat-etiquettes-de-nom-porte-noms-presentoirs-de-table-presenter","8":"first","9":"onbackorder","10":"taxable","11":"shipping-taxable","12":"purchasable","13":"product-type-simple","14":"add-to-wishlist-before_image"},"acf":[],"_links":{"self":[{"href":"https:\/\/preview.script.ch\/fr\/wp-json\/wp\/v2\/product\/435196","targetHints":{"allow":["GET"]}}],"collection":[{"href":"https:\/\/preview.script.ch\/fr\/wp-json\/wp\/v2\/product"}],"about":[{"href":"https:\/\/preview.script.ch\/fr\/wp-json\/wp\/v2\/types\/product"}],"wp:featuredmedia":[{"embeddable":true,"href":"https:\/\/preview.script.ch\/fr\/wp-json\/wp\/v2\/media\/435194"}],"wp:attachment":[{"href":"https:\/\/preview.script.ch\/fr\/wp-json\/wp\/v2\/media?parent=435196"}],"wp:term":[{"taxonomy":"product_brand","embeddable":true,"href":"https:\/\/preview.script.ch\/fr\/wp-json\/wp\/v2\/product_brand?post=435196"},{"taxonomy":"product_cat","embeddable":true,"href":"https:\/\/preview.script.ch\/fr\/wp-json\/wp\/v2\/product_cat?post=435196"},{"taxonomy":"product_tag","embeddable":true,"href":"https:\/\/preview.script.ch\/fr\/wp-json\/wp\/v2\/product_tag?post=435196"}],"curies":[{"name":"wp","href":"https:\/\/api.w.org\/{rel}","templated":true}]}}