{"id":418666,"date":"2025-11-18T18:23:17","date_gmt":"2025-11-18T17:23:17","guid":{"rendered":"https:\/\/preview.script.ch\/produkt\/piles-lr14-c-baby-1-5v\/"},"modified":"2025-11-18T18:23:27","modified_gmt":"2025-11-18T17:23:27","slug":"piles-lr14-c-baby-1-5v","status":"publish","type":"product","link":"https:\/\/preview.script.ch\/fr\/produkt\/piles-lr14-c-baby-1-5v\/","title":{"rendered":"Piles LR14 C Baby 1.5V"},"content":{"rendered":"<p>Piles alcalines Q-CONNECT\u00ae garantie de stockage: 7 ans lorsqu&rsquo;elles sont entrepos\u00e9es correctement. Prix incluant la TEA. blister Type          \u00d8 mm  Pi\u00e8ces par BLI Baby 1,5 V C  26    2<\/p>\n","protected":false},"excerpt":{"rendered":"<p>Piles alcalines Q-CONNECT\u00ae garantie de stockage: 7 ans lorsqu&rsquo;elles sont entrepos\u00e9es correctement. Prix incluant la TEA. blister Type \u00d8 mm Pi\u00e8ces par BLI Baby 1,5 V C 26 2<\/p>\n","protected":false},"featured_media":418664,"template":"","meta":{"_acf_changed":false},"product_brand":[],"product_cat":[53247],"product_tag":[],"class_list":{"0":"post-418666","1":"product","2":"type-product","3":"status-publish","4":"has-post-thumbnail","6":"product_cat-piles-batterie-machines-de-bureau-et-accessoires","8":"first","9":"onbackorder","10":"taxable","11":"shipping-taxable","12":"purchasable","13":"product-type-simple","14":"add-to-wishlist-before_image"},"acf":[],"_links":{"self":[{"href":"https:\/\/preview.script.ch\/fr\/wp-json\/wp\/v2\/product\/418666","targetHints":{"allow":["GET"]}}],"collection":[{"href":"https:\/\/preview.script.ch\/fr\/wp-json\/wp\/v2\/product"}],"about":[{"href":"https:\/\/preview.script.ch\/fr\/wp-json\/wp\/v2\/types\/product"}],"wp:featuredmedia":[{"embeddable":true,"href":"https:\/\/preview.script.ch\/fr\/wp-json\/wp\/v2\/media\/418664"}],"wp:attachment":[{"href":"https:\/\/preview.script.ch\/fr\/wp-json\/wp\/v2\/media?parent=418666"}],"wp:term":[{"taxonomy":"product_brand","embeddable":true,"href":"https:\/\/preview.script.ch\/fr\/wp-json\/wp\/v2\/product_brand?post=418666"},{"taxonomy":"product_cat","embeddable":true,"href":"https:\/\/preview.script.ch\/fr\/wp-json\/wp\/v2\/product_cat?post=418666"},{"taxonomy":"product_tag","embeddable":true,"href":"https:\/\/preview.script.ch\/fr\/wp-json\/wp\/v2\/product_tag?post=418666"}],"curies":[{"name":"wp","href":"https:\/\/api.w.org\/{rel}","templated":true}]}}