{"id":417570,"date":"2025-11-18T16:09:22","date_gmt":"2025-11-18T15:09:22","guid":{"rendered":"https:\/\/preview.script.ch\/produkt\/box-nettoyage-whiteboard-tableau-blanc\/"},"modified":"2025-11-18T16:09:33","modified_gmt":"2025-11-18T15:09:33","slug":"box-nettoyage-whiteboard-tableau-blanc","status":"publish","type":"product","link":"https:\/\/preview.script.ch\/fr\/produkt\/box-nettoyage-whiteboard-tableau-blanc\/","title":{"rendered":"Box nettoyage whiteboard\/tableau blanc"},"content":{"rendered":"<p>Kit d&rsquo;entretien Q-CONNECT\u00ae pour tableaux blancs set avec support magn\u00e9tique, nettoyant vaporisateur pour tableaux blancs 250 ml et bo\u00eete de 100 lingettes multiusages s\u00e8ches.<\/p>\n","protected":false},"excerpt":{"rendered":"<p>Kit d&rsquo;entretien Q-CONNECT\u00ae pour tableaux blancs set avec support magn\u00e9tique, nettoyant vaporisateur pour tableaux blancs 250 ml et bo\u00eete de 100 lingettes multiusages s\u00e8ches.<\/p>\n","protected":false},"featured_media":417568,"template":"","meta":{"_acf_changed":false},"product_brand":[],"product_cat":[53290],"product_tag":[],"class_list":{"0":"post-417570","1":"product","2":"type-product","3":"status-publish","4":"has-post-thumbnail","6":"product_cat-accessoires-pour-tableaux-blanc-effaceur-porte-marqueur-nettoyant-presenter","8":"first","9":"onbackorder","10":"taxable","11":"shipping-taxable","12":"purchasable","13":"product-type-simple","14":"add-to-wishlist-before_image"},"acf":[],"_links":{"self":[{"href":"https:\/\/preview.script.ch\/fr\/wp-json\/wp\/v2\/product\/417570","targetHints":{"allow":["GET"]}}],"collection":[{"href":"https:\/\/preview.script.ch\/fr\/wp-json\/wp\/v2\/product"}],"about":[{"href":"https:\/\/preview.script.ch\/fr\/wp-json\/wp\/v2\/types\/product"}],"wp:featuredmedia":[{"embeddable":true,"href":"https:\/\/preview.script.ch\/fr\/wp-json\/wp\/v2\/media\/417568"}],"wp:attachment":[{"href":"https:\/\/preview.script.ch\/fr\/wp-json\/wp\/v2\/media?parent=417570"}],"wp:term":[{"taxonomy":"product_brand","embeddable":true,"href":"https:\/\/preview.script.ch\/fr\/wp-json\/wp\/v2\/product_brand?post=417570"},{"taxonomy":"product_cat","embeddable":true,"href":"https:\/\/preview.script.ch\/fr\/wp-json\/wp\/v2\/product_cat?post=417570"},{"taxonomy":"product_tag","embeddable":true,"href":"https:\/\/preview.script.ch\/fr\/wp-json\/wp\/v2\/product_tag?post=417570"}],"curies":[{"name":"wp","href":"https:\/\/api.w.org\/{rel}","templated":true}]}}