{"id":416812,"date":"2025-11-18T14:36:54","date_gmt":"2025-11-18T13:36:54","guid":{"rendered":"https:\/\/preview.script.ch\/produkt\/porte-noms-40x75mm-connect-aiguille100pc\/"},"modified":"2025-11-18T14:37:04","modified_gmt":"2025-11-18T13:37:04","slug":"porte-noms-40x75mm-connect-aiguille100pc","status":"publish","type":"product","link":"https:\/\/preview.script.ch\/fr\/produkt\/porte-noms-40x75mm-connect-aiguille100pc\/","title":{"rendered":"Porte-noms 40x75mm Connect aiguille100pc"},"content":{"rendered":"<p>Badges Q-CONNECT\u00ae avec \u00e9pingle en plastique rigide transparent, avec \u00e9tiquette interchangeable en bristol blanc. 75 x 40 mm  100 pi\u00e8ces<\/p>\n","protected":false},"excerpt":{"rendered":"<p>Badges Q-CONNECT\u00ae avec \u00e9pingle en plastique rigide transparent, avec \u00e9tiquette interchangeable en bristol blanc. 75 x 40 mm 100 pi\u00e8ces<\/p>\n","protected":false},"featured_media":416810,"template":"","meta":{"_acf_changed":false},"product_brand":[],"product_cat":[53292],"product_tag":[],"class_list":{"0":"post-416812","1":"product","2":"type-product","3":"status-publish","4":"has-post-thumbnail","6":"product_cat-etiquettes-de-nom-porte-noms-presentoirs-de-table-presenter","8":"first","9":"instock","10":"taxable","11":"shipping-taxable","12":"purchasable","13":"product-type-simple","14":"add-to-wishlist-before_image"},"acf":[],"_links":{"self":[{"href":"https:\/\/preview.script.ch\/fr\/wp-json\/wp\/v2\/product\/416812","targetHints":{"allow":["GET"]}}],"collection":[{"href":"https:\/\/preview.script.ch\/fr\/wp-json\/wp\/v2\/product"}],"about":[{"href":"https:\/\/preview.script.ch\/fr\/wp-json\/wp\/v2\/types\/product"}],"wp:featuredmedia":[{"embeddable":true,"href":"https:\/\/preview.script.ch\/fr\/wp-json\/wp\/v2\/media\/416810"}],"wp:attachment":[{"href":"https:\/\/preview.script.ch\/fr\/wp-json\/wp\/v2\/media?parent=416812"}],"wp:term":[{"taxonomy":"product_brand","embeddable":true,"href":"https:\/\/preview.script.ch\/fr\/wp-json\/wp\/v2\/product_brand?post=416812"},{"taxonomy":"product_cat","embeddable":true,"href":"https:\/\/preview.script.ch\/fr\/wp-json\/wp\/v2\/product_cat?post=416812"},{"taxonomy":"product_tag","embeddable":true,"href":"https:\/\/preview.script.ch\/fr\/wp-json\/wp\/v2\/product_tag?post=416812"}],"curies":[{"name":"wp","href":"https:\/\/api.w.org\/{rel}","templated":true}]}}