{"id":413834,"date":"2025-11-18T08:48:06","date_gmt":"2025-11-18T07:48:06","guid":{"rendered":"https:\/\/preview.script.ch\/produkt\/hp-pap-photo-satin-914mmx30-5m\/"},"modified":"2025-11-18T08:48:15","modified_gmt":"2025-11-18T07:48:15","slug":"hp-pap-photo-satin-914mmx30-5m","status":"publish","type":"product","link":"https:\/\/preview.script.ch\/fr\/produkt\/hp-pap-photo-satin-914mmx30-5m\/","title":{"rendered":"HP pap.photo satin 914mmx30.5m"},"content":{"rendered":"<p>Rouleau de papier HP Photo Premium, satin satin\u00e9 mat, \u00e0 s\u00e9chage rapide, vous pouvez continuer le travail imm\u00e9diatement apr\u00e8s l&rsquo;impression. Donne des impressions brillantes et \u00e0 longue dur\u00e9e de vie. Avec ce papier photo perfectionn\u00e9, le noir est encore plus vigoureux, les couleurs encore plus brillantes et la brillance encore plus homog\u00e8ne. Convient aux imprimantes \u00e0 jet d&rsquo;encre. 914 mm x 30,5 m  260 g\/m2<\/p>\n","protected":false},"excerpt":{"rendered":"<p>Rouleau de papier HP Photo Premium, satin satin\u00e9 mat, \u00e0 s\u00e9chage rapide, vous pouvez continuer le travail imm\u00e9diatement apr\u00e8s l&rsquo;impression. Donne des impressions brillantes et \u00e0 longue dur\u00e9e de vie. Avec ce papier photo perfectionn\u00e9, le noir est encore plus vigoureux, les couleurs encore plus brillantes et la brillance encore plus homog\u00e8ne. Convient aux imprimantes [&hellip;]<\/p>\n","protected":false},"featured_media":413832,"template":"","meta":{"_acf_changed":false},"product_brand":[],"product_cat":[53183],"product_tag":[],"class_list":{"0":"post-413834","1":"product","2":"type-product","3":"status-publish","4":"has-post-thumbnail","6":"product_cat-papier-photo-papiers-speciaux-papiers-pour-jet-dencre-papier-universel-de-bureau","8":"first","9":"onbackorder","10":"taxable","11":"shipping-taxable","12":"purchasable","13":"product-type-simple","14":"add-to-wishlist-before_image"},"acf":[],"_links":{"self":[{"href":"https:\/\/preview.script.ch\/fr\/wp-json\/wp\/v2\/product\/413834","targetHints":{"allow":["GET"]}}],"collection":[{"href":"https:\/\/preview.script.ch\/fr\/wp-json\/wp\/v2\/product"}],"about":[{"href":"https:\/\/preview.script.ch\/fr\/wp-json\/wp\/v2\/types\/product"}],"wp:featuredmedia":[{"embeddable":true,"href":"https:\/\/preview.script.ch\/fr\/wp-json\/wp\/v2\/media\/413832"}],"wp:attachment":[{"href":"https:\/\/preview.script.ch\/fr\/wp-json\/wp\/v2\/media?parent=413834"}],"wp:term":[{"taxonomy":"product_brand","embeddable":true,"href":"https:\/\/preview.script.ch\/fr\/wp-json\/wp\/v2\/product_brand?post=413834"},{"taxonomy":"product_cat","embeddable":true,"href":"https:\/\/preview.script.ch\/fr\/wp-json\/wp\/v2\/product_cat?post=413834"},{"taxonomy":"product_tag","embeddable":true,"href":"https:\/\/preview.script.ch\/fr\/wp-json\/wp\/v2\/product_tag?post=413834"}],"curies":[{"name":"wp","href":"https:\/\/api.w.org\/{rel}","templated":true}]}}