{"id":403386,"date":"2025-11-17T14:05:05","date_gmt":"2025-11-17T13:05:05","guid":{"rendered":"https:\/\/preview.script.ch\/produkt\/horloge-murale-instinct\/"},"modified":"2025-11-17T14:05:15","modified_gmt":"2025-11-17T13:05:15","slug":"horloge-murale-instinct","status":"publish","type":"product","link":"https:\/\/preview.script.ch\/fr\/produkt\/horloge-murale-instinct\/","title":{"rendered":"Horloge murale INSTINCT"},"content":{"rendered":"<p>Horloge murale UNILUX Instinct bo\u00eetier en ABS, verre de protection, trotteuse, affichage LCD au choix: mois\/jour, heure\/minute, jour\/date, 10 langues au choix (allemand, fran\u00e7ais, italien, anglais, espagnol, n\u00e9erlandais, su\u00e9dois, danois, portugais et polonais), alimentation par 1 pile AA (fournie). Dimensions: \u00d8 305 mm, P 42 mm. Certification: CE. Prix incluant la TAR. gris m\u00e9tallis\u00e9<\/p>\n","protected":false},"excerpt":{"rendered":"<p>Horloge murale UNILUX Instinct bo\u00eetier en ABS, verre de protection, trotteuse, affichage LCD au choix: mois\/jour, heure\/minute, jour\/date, 10 langues au choix (allemand, fran\u00e7ais, italien, anglais, espagnol, n\u00e9erlandais, su\u00e9dois, danois, portugais et polonais), alimentation par 1 pile AA (fournie). Dimensions: \u00d8 305 mm, P 42 mm. Certification: CE. Prix incluant la TAR. gris m\u00e9tallis\u00e9<\/p>\n","protected":false},"featured_media":403384,"template":"","meta":{"_acf_changed":false},"product_brand":[],"product_cat":[53259],"product_tag":[],"class_list":{"0":"post-403386","1":"product","2":"type-product","3":"status-publish","4":"has-post-thumbnail","6":"product_cat-horloges-stations-meteo-machines-de-bureau-et-accessoires","8":"first","9":"onbackorder","10":"taxable","11":"shipping-taxable","12":"purchasable","13":"product-type-simple","14":"add-to-wishlist-before_image"},"acf":[],"_links":{"self":[{"href":"https:\/\/preview.script.ch\/fr\/wp-json\/wp\/v2\/product\/403386","targetHints":{"allow":["GET"]}}],"collection":[{"href":"https:\/\/preview.script.ch\/fr\/wp-json\/wp\/v2\/product"}],"about":[{"href":"https:\/\/preview.script.ch\/fr\/wp-json\/wp\/v2\/types\/product"}],"wp:featuredmedia":[{"embeddable":true,"href":"https:\/\/preview.script.ch\/fr\/wp-json\/wp\/v2\/media\/403384"}],"wp:attachment":[{"href":"https:\/\/preview.script.ch\/fr\/wp-json\/wp\/v2\/media?parent=403386"}],"wp:term":[{"taxonomy":"product_brand","embeddable":true,"href":"https:\/\/preview.script.ch\/fr\/wp-json\/wp\/v2\/product_brand?post=403386"},{"taxonomy":"product_cat","embeddable":true,"href":"https:\/\/preview.script.ch\/fr\/wp-json\/wp\/v2\/product_cat?post=403386"},{"taxonomy":"product_tag","embeddable":true,"href":"https:\/\/preview.script.ch\/fr\/wp-json\/wp\/v2\/product_tag?post=403386"}],"curies":[{"name":"wp","href":"https:\/\/api.w.org\/{rel}","templated":true}]}}