{"id":403050,"date":"2025-11-17T13:31:26","date_gmt":"2025-11-17T12:31:26","guid":{"rendered":"https:\/\/preview.script.ch\/produkt\/ruban-cadeau-america-10mm-blan\/"},"modified":"2025-11-17T13:31:36","modified_gmt":"2025-11-17T12:31:36","slug":"ruban-cadeau-america-10mm-blan","status":"publish","type":"product","link":"https:\/\/preview.script.ch\/fr\/produkt\/ruban-cadeau-america-10mm-blan\/","title":{"rendered":"Ruban cadeau AMERICA 10mm blan"},"content":{"rendered":"<p>Ruban PR\u00c4SENT America bobine fabriqu\u00e9 \u00e0 100% \u00e0 partir de mat\u00e9riaux recycl\u00e9s, ruban d\u00e9coratif \u00e0 friser. bobine 10 mm x 250 m blanc<\/p>\n","protected":false},"excerpt":{"rendered":"<p>Ruban PR\u00c4SENT America bobine fabriqu\u00e9 \u00e0 100% \u00e0 partir de mat\u00e9riaux recycl\u00e9s, ruban d\u00e9coratif \u00e0 friser. bobine 10 mm x 250 m blanc<\/p>\n","protected":false},"featured_media":403048,"template":"","meta":{"_acf_changed":false},"product_brand":[],"product_cat":[53375],"product_tag":[],"class_list":{"0":"post-403050","1":"product","2":"type-product","3":"status-publish","4":"has-post-thumbnail","6":"product_cat-cartes-de-voeux-papiers-cadeaux-rubans-cadeaux-papier-universel-de-bureau","8":"first","9":"onbackorder","10":"taxable","11":"shipping-taxable","12":"purchasable","13":"product-type-simple","14":"add-to-wishlist-before_image"},"acf":[],"_links":{"self":[{"href":"https:\/\/preview.script.ch\/fr\/wp-json\/wp\/v2\/product\/403050","targetHints":{"allow":["GET"]}}],"collection":[{"href":"https:\/\/preview.script.ch\/fr\/wp-json\/wp\/v2\/product"}],"about":[{"href":"https:\/\/preview.script.ch\/fr\/wp-json\/wp\/v2\/types\/product"}],"wp:featuredmedia":[{"embeddable":true,"href":"https:\/\/preview.script.ch\/fr\/wp-json\/wp\/v2\/media\/403048"}],"wp:attachment":[{"href":"https:\/\/preview.script.ch\/fr\/wp-json\/wp\/v2\/media?parent=403050"}],"wp:term":[{"taxonomy":"product_brand","embeddable":true,"href":"https:\/\/preview.script.ch\/fr\/wp-json\/wp\/v2\/product_brand?post=403050"},{"taxonomy":"product_cat","embeddable":true,"href":"https:\/\/preview.script.ch\/fr\/wp-json\/wp\/v2\/product_cat?post=403050"},{"taxonomy":"product_tag","embeddable":true,"href":"https:\/\/preview.script.ch\/fr\/wp-json\/wp\/v2\/product_tag?post=403050"}],"curies":[{"name":"wp","href":"https:\/\/api.w.org\/{rel}","templated":true}]}}