{"id":402946,"date":"2025-11-17T13:21:05","date_gmt":"2025-11-17T12:21:05","guid":{"rendered":"https:\/\/preview.script.ch\/produkt\/rosettes-mexico-50mm\/"},"modified":"2025-11-17T13:21:14","modified_gmt":"2025-11-17T12:21:14","slug":"rosettes-mexico-50mm","status":"publish","type":"product","link":"https:\/\/preview.script.ch\/fr\/produkt\/rosettes-mexico-50mm\/","title":{"rendered":"Rosettes MEXICO 50mm"},"content":{"rendered":"<p>Rosettes m\u00e9tallis\u00e9es PR\u00c4SENT autocollantes, couleurs assorties. Dimensions: \u00d8 50 mm.<\/p>\n","protected":false},"excerpt":{"rendered":"<p>Rosettes m\u00e9tallis\u00e9es PR\u00c4SENT autocollantes, couleurs assorties. Dimensions: \u00d8 50 mm.<\/p>\n","protected":false},"featured_media":402944,"template":"","meta":{"_acf_changed":false},"product_brand":[],"product_cat":[53375],"product_tag":[],"class_list":{"0":"post-402946","1":"product","2":"type-product","3":"status-publish","4":"has-post-thumbnail","6":"product_cat-cartes-de-voeux-papiers-cadeaux-rubans-cadeaux-papier-universel-de-bureau","8":"first","9":"onbackorder","10":"taxable","11":"shipping-taxable","12":"purchasable","13":"product-type-simple","14":"add-to-wishlist-before_image"},"acf":[],"_links":{"self":[{"href":"https:\/\/preview.script.ch\/fr\/wp-json\/wp\/v2\/product\/402946","targetHints":{"allow":["GET"]}}],"collection":[{"href":"https:\/\/preview.script.ch\/fr\/wp-json\/wp\/v2\/product"}],"about":[{"href":"https:\/\/preview.script.ch\/fr\/wp-json\/wp\/v2\/types\/product"}],"wp:featuredmedia":[{"embeddable":true,"href":"https:\/\/preview.script.ch\/fr\/wp-json\/wp\/v2\/media\/402944"}],"wp:attachment":[{"href":"https:\/\/preview.script.ch\/fr\/wp-json\/wp\/v2\/media?parent=402946"}],"wp:term":[{"taxonomy":"product_brand","embeddable":true,"href":"https:\/\/preview.script.ch\/fr\/wp-json\/wp\/v2\/product_brand?post=402946"},{"taxonomy":"product_cat","embeddable":true,"href":"https:\/\/preview.script.ch\/fr\/wp-json\/wp\/v2\/product_cat?post=402946"},{"taxonomy":"product_tag","embeddable":true,"href":"https:\/\/preview.script.ch\/fr\/wp-json\/wp\/v2\/product_tag?post=402946"}],"curies":[{"name":"wp","href":"https:\/\/api.w.org\/{rel}","templated":true}]}}